{"id":148,"date":"2024-11-12T12:21:20","date_gmt":"2024-11-12T12:21:20","guid":{"rendered":"https:\/\/h5k5leakdetection.com\/?post_type=product&#038;p=148"},"modified":"2025-09-15T17:19:11","modified_gmt":"2025-09-15T17:19:11","slug":"h5k5-vm-x9","status":"publish","type":"product","link":"https:\/\/h5k5leakdetection.com\/en\/product\/h5k5-vm-x9\/","title":{"rendered":"H5K5.VM.X9"},"content":{"rendered":"<p>Internal Pressure Tester<\/p>\n<p>The H5K5.VM.X9 is an internal pressure tester\nbuilt in stainless steel with an IP66 protection\nrating, designed for demanding industrial environments. Its large backlit display allows\nclear visualization of pressure and temperature\nvalues, even in confined spaces.\nThe front panel is made of safety glass,\nproviding enhanced protection and excellent\nreadability. The instrument can record pressure\nvalues in standard mode or peak values in peak\nmode, and all recorded data can be easily\ndownloaded to a PC via USB.<\/p>","protected":false},"excerpt":{"rendered":"<p>Man\u00f3metro Digital El H5K5.VM.X9 es un man\u00f3metro digital construido en acero inoxidable con grado de protecci\u00f3n IP66. Su gran pantalla con retroiluminaci\u00f3n permite visualizar la presi\u00f3n y la temperatura incluso en espacios reducidos. El frontal est\u00e1 construido en cristal de seguridad que proporciona seguridad y excelente visi\u00f3n. Permite registrar valores de presi\u00f3n (modo est\u00e1ndar) o [&hellip;]<\/p>\n","protected":false},"featured_media":149,"comment_status":"open","ping_status":"closed","template":"","meta":{"_acf_changed":false,"_links_to":"","_links_to_target":""},"product_brand":[],"product_cat":[22,26],"product_tag":[58,48,49,55,53,56,54,51,50,61,60,62,52],"class_list":{"0":"post-148","1":"product","2":"type-product","3":"status-publish","4":"has-post-thumbnail","6":"product_cat-destructivo","7":"product_cat-manometros-analisis-de-presion","8":"product_tag-bolsa_tipo_puch_doypack","9":"product_tag-botella-tipo-tetra","10":"product_tag-botella-vidrio-tapa-rosca","11":"product_tag-capsula-de-cafe-crema","12":"product_tag-envasado-al-vacio-min-gas-aire","13":"product_tag-envase-con-gas-aire-map","14":"product_tag-envase-flexible-con-min-gas-aire","15":"product_tag-frasco-tapa-induccion-plastico","16":"product_tag-frasco-tapa-rosca-plastico","17":"product_tag-lata-de-conserva","18":"product_tag-lata-de-gaseosa-cerveza","19":"product_tag-tipo-sachet-liquido","20":"product_tag-yogurt","22":"first","23":"outofstock","24":"shipping-taxable","25":"product-type-simple"},"acf":[],"yoast_head":"<!-- This site is optimized with the Yoast SEO plugin v27.0 - https:\/\/yoast.com\/product\/yoast-seo-wordpress\/ -->\n<title>H5K5.VM.X9 | H5k5<\/title>\n<meta name=\"robots\" content=\"index, follow, max-snippet:-1, max-image-preview:large, max-video-preview:-1\" \/>\n<link rel=\"canonical\" href=\"https:\/\/h5k5leakdetection.com\/en\/product\/h5k5-vm-x9\/\" \/>\n<meta property=\"og:locale\" content=\"en_US\" \/>\n<meta property=\"og:type\" content=\"article\" \/>\n<meta property=\"og:title\" content=\"H5K5.VM.X9 | H5k5\" \/>\n<meta property=\"og:description\" content=\"Man\u00f3metro Digital El H5K5.VM.X9 es un man\u00f3metro digital construido en acero inoxidable con grado de protecci\u00f3n IP66. Su gran pantalla con retroiluminaci\u00f3n permite visualizar la presi\u00f3n y la temperatura incluso en espacios reducidos. El frontal est\u00e1 construido en cristal de seguridad que proporciona seguridad y excelente visi\u00f3n. Permite registrar valores de presi\u00f3n (modo est\u00e1ndar) o [&hellip;]\" \/>\n<meta property=\"og:url\" content=\"https:\/\/h5k5leakdetection.com\/en\/product\/h5k5-vm-x9\/\" \/>\n<meta property=\"og:site_name\" content=\"H5k5\" \/>\n<meta property=\"article:modified_time\" content=\"2025-09-15T17:19:11+00:00\" \/>\n<meta property=\"og:image\" content=\"https:\/\/h5k5leakdetection.com\/wp-content\/uploads\/2024\/11\/H5K5_VM_X9_gr.jpg\" \/>\n\t<meta property=\"og:image:width\" content=\"1990\" \/>\n\t<meta property=\"og:image:height\" content=\"1288\" \/>\n\t<meta property=\"og:image:type\" content=\"image\/jpeg\" \/>\n<meta name=\"twitter:card\" content=\"summary_large_image\" \/>\n<meta name=\"twitter:label1\" content=\"Est. reading time\" \/>\n\t<meta name=\"twitter:data1\" content=\"1 minute\" \/>\n<script type=\"application\/ld+json\" class=\"yoast-schema-graph\">{\"@context\":\"https:\/\/schema.org\",\"@graph\":[{\"@type\":\"WebPage\",\"@id\":\"https:\/\/h5k5leakdetection.com\/producto\/h5k5-vm-x9\/\",\"url\":\"https:\/\/h5k5leakdetection.com\/producto\/h5k5-vm-x9\/\",\"name\":\"H5K5.VM.X9 | H5k5\",\"isPartOf\":{\"@id\":\"https:\/\/h5k5leakdetection.com\/#website\"},\"primaryImageOfPage\":{\"@id\":\"https:\/\/h5k5leakdetection.com\/producto\/h5k5-vm-x9\/#primaryimage\"},\"image\":{\"@id\":\"https:\/\/h5k5leakdetection.com\/producto\/h5k5-vm-x9\/#primaryimage\"},\"thumbnailUrl\":\"https:\/\/h5k5leakdetection.com\/wp-content\/uploads\/2024\/11\/H5K5_VM_X9_gr.jpg\",\"datePublished\":\"2024-11-12T12:21:20+00:00\",\"dateModified\":\"2025-09-15T17:19:11+00:00\",\"breadcrumb\":{\"@id\":\"https:\/\/h5k5leakdetection.com\/producto\/h5k5-vm-x9\/#breadcrumb\"},\"inLanguage\":\"en-US\",\"potentialAction\":[{\"@type\":\"ReadAction\",\"target\":[\"https:\/\/h5k5leakdetection.com\/producto\/h5k5-vm-x9\/\"]}]},{\"@type\":\"ImageObject\",\"inLanguage\":\"en-US\",\"@id\":\"https:\/\/h5k5leakdetection.com\/producto\/h5k5-vm-x9\/#primaryimage\",\"url\":\"https:\/\/h5k5leakdetection.com\/wp-content\/uploads\/2024\/11\/H5K5_VM_X9_gr.jpg\",\"contentUrl\":\"https:\/\/h5k5leakdetection.com\/wp-content\/uploads\/2024\/11\/H5K5_VM_X9_gr.jpg\",\"width\":1990,\"height\":1288},{\"@type\":\"BreadcrumbList\",\"@id\":\"https:\/\/h5k5leakdetection.com\/producto\/h5k5-vm-x9\/#breadcrumb\",\"itemListElement\":[{\"@type\":\"ListItem\",\"position\":1,\"name\":\"Portada\",\"item\":\"https:\/\/h5k5leakdetection.com\/\"},{\"@type\":\"ListItem\",\"position\":2,\"name\":\"Tienda\",\"item\":\"https:\/\/h5k5leakdetection.com\/tienda\/\"},{\"@type\":\"ListItem\",\"position\":3,\"name\":\"H5K5.VM.X9\"}]},{\"@type\":\"WebSite\",\"@id\":\"https:\/\/h5k5leakdetection.com\/#website\",\"url\":\"https:\/\/h5k5leakdetection.com\/\",\"name\":\"h5k5leakdetection.com\",\"description\":\"Leak Detection\",\"publisher\":{\"@id\":\"https:\/\/h5k5leakdetection.com\/#organization\"},\"potentialAction\":[{\"@type\":\"SearchAction\",\"target\":{\"@type\":\"EntryPoint\",\"urlTemplate\":\"https:\/\/h5k5leakdetection.com\/?s={search_term_string}\"},\"query-input\":{\"@type\":\"PropertyValueSpecification\",\"valueRequired\":true,\"valueName\":\"search_term_string\"}}],\"inLanguage\":\"en-US\"},{\"@type\":\"Organization\",\"@id\":\"https:\/\/h5k5leakdetection.com\/#organization\",\"name\":\"H5k5 Leak Detection\",\"url\":\"https:\/\/h5k5leakdetection.com\/\",\"logo\":{\"@type\":\"ImageObject\",\"inLanguage\":\"en-US\",\"@id\":\"https:\/\/h5k5leakdetection.com\/#\/schema\/logo\/image\/\",\"url\":\"https:\/\/h5k5leakdetection.com\/wp-content\/uploads\/2025\/07\/cropped-favicon-H5K5.png\",\"contentUrl\":\"https:\/\/h5k5leakdetection.com\/wp-content\/uploads\/2025\/07\/cropped-favicon-H5K5.png\",\"width\":512,\"height\":512,\"caption\":\"H5k5 Leak Detection\"},\"image\":{\"@id\":\"https:\/\/h5k5leakdetection.com\/#\/schema\/logo\/image\/\"}}]}<\/script>\n<!-- \/ Yoast SEO plugin. -->","yoast_head_json":{"title":"H5K5.VM.X9 | H5k5","robots":{"index":"index","follow":"follow","max-snippet":"max-snippet:-1","max-image-preview":"max-image-preview:large","max-video-preview":"max-video-preview:-1"},"canonical":"https:\/\/h5k5leakdetection.com\/en\/product\/h5k5-vm-x9\/","og_locale":"en_US","og_type":"article","og_title":"H5K5.VM.X9 | H5k5","og_description":"Man\u00f3metro Digital El H5K5.VM.X9 es un man\u00f3metro digital construido en acero inoxidable con grado de protecci\u00f3n IP66. Su gran pantalla con retroiluminaci\u00f3n permite visualizar la presi\u00f3n y la temperatura incluso en espacios reducidos. El frontal est\u00e1 construido en cristal de seguridad que proporciona seguridad y excelente visi\u00f3n. Permite registrar valores de presi\u00f3n (modo est\u00e1ndar) o [&hellip;]","og_url":"https:\/\/h5k5leakdetection.com\/en\/product\/h5k5-vm-x9\/","og_site_name":"H5k5","article_modified_time":"2025-09-15T17:19:11+00:00","og_image":[{"width":1990,"height":1288,"url":"https:\/\/h5k5leakdetection.com\/wp-content\/uploads\/2024\/11\/H5K5_VM_X9_gr.jpg","type":"image\/jpeg"}],"twitter_card":"summary_large_image","twitter_misc":{"Est. reading time":"1 minute"},"schema":{"@context":"https:\/\/schema.org","@graph":[{"@type":"WebPage","@id":"https:\/\/h5k5leakdetection.com\/producto\/h5k5-vm-x9\/","url":"https:\/\/h5k5leakdetection.com\/producto\/h5k5-vm-x9\/","name":"H5K5.VM.X9 | H5k5","isPartOf":{"@id":"https:\/\/h5k5leakdetection.com\/#website"},"primaryImageOfPage":{"@id":"https:\/\/h5k5leakdetection.com\/producto\/h5k5-vm-x9\/#primaryimage"},"image":{"@id":"https:\/\/h5k5leakdetection.com\/producto\/h5k5-vm-x9\/#primaryimage"},"thumbnailUrl":"https:\/\/h5k5leakdetection.com\/wp-content\/uploads\/2024\/11\/H5K5_VM_X9_gr.jpg","datePublished":"2024-11-12T12:21:20+00:00","dateModified":"2025-09-15T17:19:11+00:00","breadcrumb":{"@id":"https:\/\/h5k5leakdetection.com\/producto\/h5k5-vm-x9\/#breadcrumb"},"inLanguage":"en-US","potentialAction":[{"@type":"ReadAction","target":["https:\/\/h5k5leakdetection.com\/producto\/h5k5-vm-x9\/"]}]},{"@type":"ImageObject","inLanguage":"en-US","@id":"https:\/\/h5k5leakdetection.com\/producto\/h5k5-vm-x9\/#primaryimage","url":"https:\/\/h5k5leakdetection.com\/wp-content\/uploads\/2024\/11\/H5K5_VM_X9_gr.jpg","contentUrl":"https:\/\/h5k5leakdetection.com\/wp-content\/uploads\/2024\/11\/H5K5_VM_X9_gr.jpg","width":1990,"height":1288},{"@type":"BreadcrumbList","@id":"https:\/\/h5k5leakdetection.com\/producto\/h5k5-vm-x9\/#breadcrumb","itemListElement":[{"@type":"ListItem","position":1,"name":"Portada","item":"https:\/\/h5k5leakdetection.com\/"},{"@type":"ListItem","position":2,"name":"Tienda","item":"https:\/\/h5k5leakdetection.com\/tienda\/"},{"@type":"ListItem","position":3,"name":"H5K5.VM.X9"}]},{"@type":"WebSite","@id":"https:\/\/h5k5leakdetection.com\/#website","url":"https:\/\/h5k5leakdetection.com\/","name":"h5k5leakdetection.com","description":"Leak Detection","publisher":{"@id":"https:\/\/h5k5leakdetection.com\/#organization"},"potentialAction":[{"@type":"SearchAction","target":{"@type":"EntryPoint","urlTemplate":"https:\/\/h5k5leakdetection.com\/?s={search_term_string}"},"query-input":{"@type":"PropertyValueSpecification","valueRequired":true,"valueName":"search_term_string"}}],"inLanguage":"en-US"},{"@type":"Organization","@id":"https:\/\/h5k5leakdetection.com\/#organization","name":"H5k5 Leak Detection","url":"https:\/\/h5k5leakdetection.com\/","logo":{"@type":"ImageObject","inLanguage":"en-US","@id":"https:\/\/h5k5leakdetection.com\/#\/schema\/logo\/image\/","url":"https:\/\/h5k5leakdetection.com\/wp-content\/uploads\/2025\/07\/cropped-favicon-H5K5.png","contentUrl":"https:\/\/h5k5leakdetection.com\/wp-content\/uploads\/2025\/07\/cropped-favicon-H5K5.png","width":512,"height":512,"caption":"H5k5 Leak Detection"},"image":{"@id":"https:\/\/h5k5leakdetection.com\/#\/schema\/logo\/image\/"}}]}},"_links":{"self":[{"href":"https:\/\/h5k5leakdetection.com\/en\/wp-json\/wp\/v2\/product\/148","targetHints":{"allow":["GET"]}}],"collection":[{"href":"https:\/\/h5k5leakdetection.com\/en\/wp-json\/wp\/v2\/product"}],"about":[{"href":"https:\/\/h5k5leakdetection.com\/en\/wp-json\/wp\/v2\/types\/product"}],"replies":[{"embeddable":true,"href":"https:\/\/h5k5leakdetection.com\/en\/wp-json\/wp\/v2\/comments?post=148"}],"wp:featuredmedia":[{"embeddable":true,"href":"https:\/\/h5k5leakdetection.com\/en\/wp-json\/wp\/v2\/media\/149"}],"wp:attachment":[{"href":"https:\/\/h5k5leakdetection.com\/en\/wp-json\/wp\/v2\/media?parent=148"}],"wp:term":[{"taxonomy":"product_brand","embeddable":true,"href":"https:\/\/h5k5leakdetection.com\/en\/wp-json\/wp\/v2\/product_brand?post=148"},{"taxonomy":"product_cat","embeddable":true,"href":"https:\/\/h5k5leakdetection.com\/en\/wp-json\/wp\/v2\/product_cat?post=148"},{"taxonomy":"product_tag","embeddable":true,"href":"https:\/\/h5k5leakdetection.com\/en\/wp-json\/wp\/v2\/product_tag?post=148"}],"curies":[{"name":"wp","href":"https:\/\/api.w.org\/{rel}","templated":true}]}}