{"id":128,"date":"2024-11-16T11:33:21","date_gmt":"2024-11-16T11:33:21","guid":{"rendered":"https:\/\/h5k5leakdetection.com\/?post_type=product&#038;p=128"},"modified":"2025-09-08T19:50:42","modified_gmt":"2025-09-08T19:50:42","slug":"h5k5-htpc","status":"publish","type":"product","link":"https:\/\/h5k5leakdetection.com\/en\/product\/h5k5-htpc\/","title":{"rendered":"H5K5.HTPC"},"content":{"rendered":"<p><strong>Detect leaks in Paper Cups in less than 2\nminutes.<\/strong><br \/>\nThe H5K5.HTPC speeds up quality control by\ndrastically reducing testing time compared to the\ntraditional 30-minute method. Compact,\nstandalone, and easy to use, it provides key\ninformation on the condition of each package in\na simple and standardized way. Suitable for\nreducing losses, ensuring seal integrity, and\noptimizing production without compromising\nquality.<\/p>","protected":false},"excerpt":{"rendered":"<p>Detect\u00e1 fugas en vasos de polipapel en menos de 2 minutos. El H5K5.HTPC acelera el control de calidad, reduciendo dr\u00e1sticamente el tiempo de ensayo frente al m\u00e9todo tradicional de 30 minutos. Compacto, aut\u00f3nomo y f\u00e1cil de usar, brinda informaci\u00f3n clave sobre el estado de cada contenedor de forma simple y estandarizada. Ideal para reducir p\u00e9rdidas, [&hellip;]<\/p>\n","protected":false},"featured_media":1067,"comment_status":"open","ping_status":"closed","template":"","meta":{"_acf_changed":false,"_links_to":"","_links_to_target":""},"product_brand":[],"product_cat":[112,129,127,128,111,22,20,21],"product_tag":[71,114,76,77,78,59],"class_list":{"0":"post-128","1":"product","2":"type-product","3":"status-publish","4":"has-post-thumbnail","6":"product_cat-canister","7":"product_cat-paper-cup-inspetion","8":"product_cat-paper-cup-liquid-leak-tester","9":"product_cat-potes-de-polipapel","10":"product_cat-vasos-de-polipapel","11":"product_cat-destructivo","12":"product_cat-analizador-de-hermeticidad","13":"product_cat-detector-de-fugas","14":"product_tag-ensaladera","15":"product_tag-potes-de-polipapel","16":"product_tag-potes-para-sopa-y-fideos-instantaneos-sin-tapa","17":"product_tag-tapas-potes-helado","18":"product_tag-tubo-papas-fritas-canister","19":"product_tag-vaso-pote-de-polipapel","21":"first","22":"instock","23":"shipping-taxable","24":"product-type-simple"},"acf":[],"yoast_head":"<!-- This site is optimized with the Yoast SEO plugin v27.0 - https:\/\/yoast.com\/product\/yoast-seo-wordpress\/ -->\n<title>H5K5.HTPC | H5k5<\/title>\n<meta name=\"robots\" content=\"index, follow, max-snippet:-1, max-image-preview:large, max-video-preview:-1\" \/>\n<link rel=\"canonical\" href=\"https:\/\/h5k5leakdetection.com\/en\/product\/h5k5-htpc\/\" \/>\n<meta property=\"og:locale\" content=\"en_US\" \/>\n<meta property=\"og:type\" content=\"article\" \/>\n<meta property=\"og:title\" content=\"H5K5.HTPC | H5k5\" \/>\n<meta property=\"og:description\" content=\"Detect\u00e1 fugas en vasos de polipapel en menos de 2 minutos. El H5K5.HTPC acelera el control de calidad, reduciendo dr\u00e1sticamente el tiempo de ensayo frente al m\u00e9todo tradicional de 30 minutos. Compacto, aut\u00f3nomo y f\u00e1cil de usar, brinda informaci\u00f3n clave sobre el estado de cada contenedor de forma simple y estandarizada. Ideal para reducir p\u00e9rdidas, [&hellip;]\" \/>\n<meta property=\"og:url\" content=\"https:\/\/h5k5leakdetection.com\/en\/product\/h5k5-htpc\/\" \/>\n<meta property=\"og:site_name\" content=\"H5k5\" \/>\n<meta property=\"article:modified_time\" content=\"2025-09-08T19:50:42+00:00\" \/>\n<meta property=\"og:image\" content=\"https:\/\/h5k5leakdetection.com\/wp-content\/uploads\/2024\/11\/3-H5K5.jpg\" \/>\n\t<meta property=\"og:image:width\" content=\"1500\" \/>\n\t<meta property=\"og:image:height\" content=\"1111\" \/>\n\t<meta property=\"og:image:type\" content=\"image\/jpeg\" \/>\n<meta name=\"twitter:card\" content=\"summary_large_image\" \/>\n<meta name=\"twitter:label1\" content=\"Est. reading time\" \/>\n\t<meta name=\"twitter:data1\" content=\"1 minute\" \/>\n<script type=\"application\/ld+json\" class=\"yoast-schema-graph\">{\"@context\":\"https:\/\/schema.org\",\"@graph\":[{\"@type\":\"WebPage\",\"@id\":\"https:\/\/h5k5leakdetection.com\/producto\/h5k5-htpc\/\",\"url\":\"https:\/\/h5k5leakdetection.com\/producto\/h5k5-htpc\/\",\"name\":\"H5K5.HTPC | H5k5\",\"isPartOf\":{\"@id\":\"https:\/\/h5k5leakdetection.com\/#website\"},\"primaryImageOfPage\":{\"@id\":\"https:\/\/h5k5leakdetection.com\/producto\/h5k5-htpc\/#primaryimage\"},\"image\":{\"@id\":\"https:\/\/h5k5leakdetection.com\/producto\/h5k5-htpc\/#primaryimage\"},\"thumbnailUrl\":\"https:\/\/h5k5leakdetection.com\/wp-content\/uploads\/2024\/11\/3-H5K5.jpg\",\"datePublished\":\"2024-11-16T11:33:21+00:00\",\"dateModified\":\"2025-09-08T19:50:42+00:00\",\"breadcrumb\":{\"@id\":\"https:\/\/h5k5leakdetection.com\/producto\/h5k5-htpc\/#breadcrumb\"},\"inLanguage\":\"en-US\",\"potentialAction\":[{\"@type\":\"ReadAction\",\"target\":[\"https:\/\/h5k5leakdetection.com\/producto\/h5k5-htpc\/\"]}]},{\"@type\":\"ImageObject\",\"inLanguage\":\"en-US\",\"@id\":\"https:\/\/h5k5leakdetection.com\/producto\/h5k5-htpc\/#primaryimage\",\"url\":\"https:\/\/h5k5leakdetection.com\/wp-content\/uploads\/2024\/11\/3-H5K5.jpg\",\"contentUrl\":\"https:\/\/h5k5leakdetection.com\/wp-content\/uploads\/2024\/11\/3-H5K5.jpg\",\"width\":1500,\"height\":1111},{\"@type\":\"BreadcrumbList\",\"@id\":\"https:\/\/h5k5leakdetection.com\/producto\/h5k5-htpc\/#breadcrumb\",\"itemListElement\":[{\"@type\":\"ListItem\",\"position\":1,\"name\":\"Portada\",\"item\":\"https:\/\/h5k5leakdetection.com\/\"},{\"@type\":\"ListItem\",\"position\":2,\"name\":\"Tienda\",\"item\":\"https:\/\/h5k5leakdetection.com\/tienda\/\"},{\"@type\":\"ListItem\",\"position\":3,\"name\":\"H5K5.HTPC\"}]},{\"@type\":\"WebSite\",\"@id\":\"https:\/\/h5k5leakdetection.com\/#website\",\"url\":\"https:\/\/h5k5leakdetection.com\/\",\"name\":\"h5k5leakdetection.com\",\"description\":\"Leak Detection\",\"publisher\":{\"@id\":\"https:\/\/h5k5leakdetection.com\/#organization\"},\"potentialAction\":[{\"@type\":\"SearchAction\",\"target\":{\"@type\":\"EntryPoint\",\"urlTemplate\":\"https:\/\/h5k5leakdetection.com\/?s={search_term_string}\"},\"query-input\":{\"@type\":\"PropertyValueSpecification\",\"valueRequired\":true,\"valueName\":\"search_term_string\"}}],\"inLanguage\":\"en-US\"},{\"@type\":\"Organization\",\"@id\":\"https:\/\/h5k5leakdetection.com\/#organization\",\"name\":\"H5k5 Leak Detection\",\"url\":\"https:\/\/h5k5leakdetection.com\/\",\"logo\":{\"@type\":\"ImageObject\",\"inLanguage\":\"en-US\",\"@id\":\"https:\/\/h5k5leakdetection.com\/#\/schema\/logo\/image\/\",\"url\":\"https:\/\/h5k5leakdetection.com\/wp-content\/uploads\/2025\/07\/cropped-favicon-H5K5.png\",\"contentUrl\":\"https:\/\/h5k5leakdetection.com\/wp-content\/uploads\/2025\/07\/cropped-favicon-H5K5.png\",\"width\":512,\"height\":512,\"caption\":\"H5k5 Leak Detection\"},\"image\":{\"@id\":\"https:\/\/h5k5leakdetection.com\/#\/schema\/logo\/image\/\"}}]}<\/script>\n<!-- \/ Yoast SEO plugin. -->","yoast_head_json":{"title":"H5K5.HTPC | H5k5","robots":{"index":"index","follow":"follow","max-snippet":"max-snippet:-1","max-image-preview":"max-image-preview:large","max-video-preview":"max-video-preview:-1"},"canonical":"https:\/\/h5k5leakdetection.com\/en\/product\/h5k5-htpc\/","og_locale":"en_US","og_type":"article","og_title":"H5K5.HTPC | H5k5","og_description":"Detect\u00e1 fugas en vasos de polipapel en menos de 2 minutos. El H5K5.HTPC acelera el control de calidad, reduciendo dr\u00e1sticamente el tiempo de ensayo frente al m\u00e9todo tradicional de 30 minutos. Compacto, aut\u00f3nomo y f\u00e1cil de usar, brinda informaci\u00f3n clave sobre el estado de cada contenedor de forma simple y estandarizada. Ideal para reducir p\u00e9rdidas, [&hellip;]","og_url":"https:\/\/h5k5leakdetection.com\/en\/product\/h5k5-htpc\/","og_site_name":"H5k5","article_modified_time":"2025-09-08T19:50:42+00:00","og_image":[{"width":1500,"height":1111,"url":"https:\/\/h5k5leakdetection.com\/wp-content\/uploads\/2024\/11\/3-H5K5.jpg","type":"image\/jpeg"}],"twitter_card":"summary_large_image","twitter_misc":{"Est. reading time":"1 minute"},"schema":{"@context":"https:\/\/schema.org","@graph":[{"@type":"WebPage","@id":"https:\/\/h5k5leakdetection.com\/producto\/h5k5-htpc\/","url":"https:\/\/h5k5leakdetection.com\/producto\/h5k5-htpc\/","name":"H5K5.HTPC | H5k5","isPartOf":{"@id":"https:\/\/h5k5leakdetection.com\/#website"},"primaryImageOfPage":{"@id":"https:\/\/h5k5leakdetection.com\/producto\/h5k5-htpc\/#primaryimage"},"image":{"@id":"https:\/\/h5k5leakdetection.com\/producto\/h5k5-htpc\/#primaryimage"},"thumbnailUrl":"https:\/\/h5k5leakdetection.com\/wp-content\/uploads\/2024\/11\/3-H5K5.jpg","datePublished":"2024-11-16T11:33:21+00:00","dateModified":"2025-09-08T19:50:42+00:00","breadcrumb":{"@id":"https:\/\/h5k5leakdetection.com\/producto\/h5k5-htpc\/#breadcrumb"},"inLanguage":"en-US","potentialAction":[{"@type":"ReadAction","target":["https:\/\/h5k5leakdetection.com\/producto\/h5k5-htpc\/"]}]},{"@type":"ImageObject","inLanguage":"en-US","@id":"https:\/\/h5k5leakdetection.com\/producto\/h5k5-htpc\/#primaryimage","url":"https:\/\/h5k5leakdetection.com\/wp-content\/uploads\/2024\/11\/3-H5K5.jpg","contentUrl":"https:\/\/h5k5leakdetection.com\/wp-content\/uploads\/2024\/11\/3-H5K5.jpg","width":1500,"height":1111},{"@type":"BreadcrumbList","@id":"https:\/\/h5k5leakdetection.com\/producto\/h5k5-htpc\/#breadcrumb","itemListElement":[{"@type":"ListItem","position":1,"name":"Portada","item":"https:\/\/h5k5leakdetection.com\/"},{"@type":"ListItem","position":2,"name":"Tienda","item":"https:\/\/h5k5leakdetection.com\/tienda\/"},{"@type":"ListItem","position":3,"name":"H5K5.HTPC"}]},{"@type":"WebSite","@id":"https:\/\/h5k5leakdetection.com\/#website","url":"https:\/\/h5k5leakdetection.com\/","name":"h5k5leakdetection.com","description":"Leak Detection","publisher":{"@id":"https:\/\/h5k5leakdetection.com\/#organization"},"potentialAction":[{"@type":"SearchAction","target":{"@type":"EntryPoint","urlTemplate":"https:\/\/h5k5leakdetection.com\/?s={search_term_string}"},"query-input":{"@type":"PropertyValueSpecification","valueRequired":true,"valueName":"search_term_string"}}],"inLanguage":"en-US"},{"@type":"Organization","@id":"https:\/\/h5k5leakdetection.com\/#organization","name":"H5k5 Leak Detection","url":"https:\/\/h5k5leakdetection.com\/","logo":{"@type":"ImageObject","inLanguage":"en-US","@id":"https:\/\/h5k5leakdetection.com\/#\/schema\/logo\/image\/","url":"https:\/\/h5k5leakdetection.com\/wp-content\/uploads\/2025\/07\/cropped-favicon-H5K5.png","contentUrl":"https:\/\/h5k5leakdetection.com\/wp-content\/uploads\/2025\/07\/cropped-favicon-H5K5.png","width":512,"height":512,"caption":"H5k5 Leak Detection"},"image":{"@id":"https:\/\/h5k5leakdetection.com\/#\/schema\/logo\/image\/"}}]}},"_links":{"self":[{"href":"https:\/\/h5k5leakdetection.com\/en\/wp-json\/wp\/v2\/product\/128","targetHints":{"allow":["GET"]}}],"collection":[{"href":"https:\/\/h5k5leakdetection.com\/en\/wp-json\/wp\/v2\/product"}],"about":[{"href":"https:\/\/h5k5leakdetection.com\/en\/wp-json\/wp\/v2\/types\/product"}],"replies":[{"embeddable":true,"href":"https:\/\/h5k5leakdetection.com\/en\/wp-json\/wp\/v2\/comments?post=128"}],"wp:featuredmedia":[{"embeddable":true,"href":"https:\/\/h5k5leakdetection.com\/en\/wp-json\/wp\/v2\/media\/1067"}],"wp:attachment":[{"href":"https:\/\/h5k5leakdetection.com\/en\/wp-json\/wp\/v2\/media?parent=128"}],"wp:term":[{"taxonomy":"product_brand","embeddable":true,"href":"https:\/\/h5k5leakdetection.com\/en\/wp-json\/wp\/v2\/product_brand?post=128"},{"taxonomy":"product_cat","embeddable":true,"href":"https:\/\/h5k5leakdetection.com\/en\/wp-json\/wp\/v2\/product_cat?post=128"},{"taxonomy":"product_tag","embeddable":true,"href":"https:\/\/h5k5leakdetection.com\/en\/wp-json\/wp\/v2\/product_tag?post=128"}],"curies":[{"name":"wp","href":"https:\/\/api.w.org\/{rel}","templated":true}]}}