{"id":1271,"date":"2025-07-28T06:15:52","date_gmt":"2025-07-28T06:15:52","guid":{"rendered":"https:\/\/h5k5leakdetection.com\/?post_type=product&#038;p=1271"},"modified":"2025-09-08T19:02:58","modified_gmt":"2025-09-08T19:02:58","slug":"h5k5-hx-estandar","status":"publish","type":"product","link":"https:\/\/h5k5leakdetection.com\/en\/product\/h5k5-hx-estandar\/","title":{"rendered":"H5K5.HX \u2013 Standard"},"content":{"rendered":"<p><strong>Test the resistance of your packaging to altitude\nchanges\u2014using less plastic.<\/strong><br \/>\nThe H5K5.HX \u2013 Standard applies controlled\npressure to plastic bottles and packaging,\nsimulating the effects of altitude under different\ntransport conditions. Suitable for verifying\nwhether the packaging maintains its shape and\nfunctionality without collapsing, it enables\noptimization of structural design without\nincreasing material usage.<br \/>\nCompact, reliable, and easy to operate, it is a key\nanalyzer for developing stronger, more efficient,\nand more sustainable packaging.<\/p>","protected":false},"excerpt":{"rendered":"<p>Prob\u00e1 la resistencia de tus envases ante cambios de altitud, utilizando menos pl\u00e1stico. El H5K5.HX \u2013 Est\u00e1ndar aplica presi\u00f3n controlada sobre botellas y envases pl\u00e1sticos, simulando el efecto de la altitud en distintas condiciones de transporte. Ideal para verificar si los envases mantienen su forma y funcionalidad sin colapsar, permite optimizar su dise\u00f1o estructural sin [&hellip;]<\/p>\n","protected":false},"featured_media":1396,"comment_status":"open","ping_status":"closed","template":"","meta":{"_acf_changed":false,"_links_to":"","_links_to_target":""},"product_brand":[],"product_cat":[96,97,98,99,88,100,101,89,102,20],"product_tag":[67,51,50],"class_list":{"0":"post-1271","1":"product","2":"type-product","3":"status-publish","4":"has-post-thumbnail","6":"product_cat-aplicacion-de-presion-positiva","7":"product_cat-ensayo-de-deformacion-controlada","8":"product_cat-ensayo-de-estanqueidad","9":"product_cat-ensayo-de-hermeticidad","10":"product_cat-ensayo-de-resistencia-estructural","11":"product_cat-ensayo-en-seco","12":"product_cat-envases-plasticos","13":"product_cat-simulacion-de-altitud","14":"product_cat-simulacion-de-transporte","15":"product_cat-analizador-de-hermeticidad","16":"product_tag-botella-plastico","17":"product_tag-frasco-tapa-induccion-plastico","18":"product_tag-frasco-tapa-rosca-plastico","20":"first","21":"instock","22":"shipping-taxable","23":"product-type-simple"},"acf":[],"yoast_head":"<!-- This site is optimized with the Yoast SEO plugin v27.0 - https:\/\/yoast.com\/product\/yoast-seo-wordpress\/ -->\n<title>H5K5.HX \u2013 Est\u00e1ndar | H5k5<\/title>\n<meta name=\"robots\" content=\"index, follow, max-snippet:-1, max-image-preview:large, max-video-preview:-1\" \/>\n<link rel=\"canonical\" href=\"https:\/\/h5k5leakdetection.com\/en\/product\/h5k5-hx-estandar\/\" \/>\n<meta property=\"og:locale\" content=\"en_US\" \/>\n<meta property=\"og:type\" content=\"article\" \/>\n<meta property=\"og:title\" content=\"H5K5.HX \u2013 Est\u00e1ndar | H5k5\" \/>\n<meta property=\"og:description\" content=\"Prob\u00e1 la resistencia de tus envases ante cambios de altitud, utilizando menos pl\u00e1stico. El H5K5.HX \u2013 Est\u00e1ndar aplica presi\u00f3n controlada sobre botellas y envases pl\u00e1sticos, simulando el efecto de la altitud en distintas condiciones de transporte. Ideal para verificar si los envases mantienen su forma y funcionalidad sin colapsar, permite optimizar su dise\u00f1o estructural sin [&hellip;]\" \/>\n<meta property=\"og:url\" content=\"https:\/\/h5k5leakdetection.com\/en\/product\/h5k5-hx-estandar\/\" \/>\n<meta property=\"og:site_name\" content=\"H5k5\" \/>\n<meta property=\"article:modified_time\" content=\"2025-09-08T19:02:58+00:00\" \/>\n<meta property=\"og:image\" content=\"https:\/\/h5k5leakdetection.com\/wp-content\/uploads\/2025\/07\/H5K5.HX-estandar.jpg\" \/>\n\t<meta property=\"og:image:width\" content=\"1500\" \/>\n\t<meta property=\"og:image:height\" content=\"1111\" \/>\n\t<meta property=\"og:image:type\" content=\"image\/jpeg\" \/>\n<meta name=\"twitter:card\" content=\"summary_large_image\" \/>\n<meta name=\"twitter:label1\" content=\"Est. reading time\" \/>\n\t<meta name=\"twitter:data1\" content=\"1 minute\" \/>\n<script type=\"application\/ld+json\" class=\"yoast-schema-graph\">{\"@context\":\"https:\/\/schema.org\",\"@graph\":[{\"@type\":\"WebPage\",\"@id\":\"https:\/\/h5k5leakdetection.com\/producto\/h5k5-hx-estandar\/\",\"url\":\"https:\/\/h5k5leakdetection.com\/producto\/h5k5-hx-estandar\/\",\"name\":\"H5K5.HX \u2013 Est\u00e1ndar | H5k5\",\"isPartOf\":{\"@id\":\"https:\/\/h5k5leakdetection.com\/#website\"},\"primaryImageOfPage\":{\"@id\":\"https:\/\/h5k5leakdetection.com\/producto\/h5k5-hx-estandar\/#primaryimage\"},\"image\":{\"@id\":\"https:\/\/h5k5leakdetection.com\/producto\/h5k5-hx-estandar\/#primaryimage\"},\"thumbnailUrl\":\"https:\/\/h5k5leakdetection.com\/wp-content\/uploads\/2025\/07\/H5K5.HX-estandar.jpg\",\"datePublished\":\"2025-07-28T06:15:52+00:00\",\"dateModified\":\"2025-09-08T19:02:58+00:00\",\"breadcrumb\":{\"@id\":\"https:\/\/h5k5leakdetection.com\/producto\/h5k5-hx-estandar\/#breadcrumb\"},\"inLanguage\":\"en-US\",\"potentialAction\":[{\"@type\":\"ReadAction\",\"target\":[\"https:\/\/h5k5leakdetection.com\/producto\/h5k5-hx-estandar\/\"]}]},{\"@type\":\"ImageObject\",\"inLanguage\":\"en-US\",\"@id\":\"https:\/\/h5k5leakdetection.com\/producto\/h5k5-hx-estandar\/#primaryimage\",\"url\":\"https:\/\/h5k5leakdetection.com\/wp-content\/uploads\/2025\/07\/H5K5.HX-estandar.jpg\",\"contentUrl\":\"https:\/\/h5k5leakdetection.com\/wp-content\/uploads\/2025\/07\/H5K5.HX-estandar.jpg\",\"width\":1500,\"height\":1111,\"caption\":\"H5K5.HX Analizador de Hermeticidad \/ H5K5.HX Leak Tester\"},{\"@type\":\"BreadcrumbList\",\"@id\":\"https:\/\/h5k5leakdetection.com\/producto\/h5k5-hx-estandar\/#breadcrumb\",\"itemListElement\":[{\"@type\":\"ListItem\",\"position\":1,\"name\":\"Portada\",\"item\":\"https:\/\/h5k5leakdetection.com\/\"},{\"@type\":\"ListItem\",\"position\":2,\"name\":\"Tienda\",\"item\":\"https:\/\/h5k5leakdetection.com\/tienda\/\"},{\"@type\":\"ListItem\",\"position\":3,\"name\":\"H5K5.HX \u2013 Est\u00e1ndar\"}]},{\"@type\":\"WebSite\",\"@id\":\"https:\/\/h5k5leakdetection.com\/#website\",\"url\":\"https:\/\/h5k5leakdetection.com\/\",\"name\":\"h5k5leakdetection.com\",\"description\":\"Leak Detection\",\"publisher\":{\"@id\":\"https:\/\/h5k5leakdetection.com\/#organization\"},\"potentialAction\":[{\"@type\":\"SearchAction\",\"target\":{\"@type\":\"EntryPoint\",\"urlTemplate\":\"https:\/\/h5k5leakdetection.com\/?s={search_term_string}\"},\"query-input\":{\"@type\":\"PropertyValueSpecification\",\"valueRequired\":true,\"valueName\":\"search_term_string\"}}],\"inLanguage\":\"en-US\"},{\"@type\":\"Organization\",\"@id\":\"https:\/\/h5k5leakdetection.com\/#organization\",\"name\":\"H5k5 Leak Detection\",\"url\":\"https:\/\/h5k5leakdetection.com\/\",\"logo\":{\"@type\":\"ImageObject\",\"inLanguage\":\"en-US\",\"@id\":\"https:\/\/h5k5leakdetection.com\/#\/schema\/logo\/image\/\",\"url\":\"https:\/\/h5k5leakdetection.com\/wp-content\/uploads\/2025\/07\/cropped-favicon-H5K5.png\",\"contentUrl\":\"https:\/\/h5k5leakdetection.com\/wp-content\/uploads\/2025\/07\/cropped-favicon-H5K5.png\",\"width\":512,\"height\":512,\"caption\":\"H5k5 Leak Detection\"},\"image\":{\"@id\":\"https:\/\/h5k5leakdetection.com\/#\/schema\/logo\/image\/\"}}]}<\/script>\n<!-- \/ Yoast SEO plugin. -->","yoast_head_json":{"title":"H5K5.HX \u2013 Est\u00e1ndar | H5k5","robots":{"index":"index","follow":"follow","max-snippet":"max-snippet:-1","max-image-preview":"max-image-preview:large","max-video-preview":"max-video-preview:-1"},"canonical":"https:\/\/h5k5leakdetection.com\/en\/product\/h5k5-hx-estandar\/","og_locale":"en_US","og_type":"article","og_title":"H5K5.HX \u2013 Est\u00e1ndar | H5k5","og_description":"Prob\u00e1 la resistencia de tus envases ante cambios de altitud, utilizando menos pl\u00e1stico. El H5K5.HX \u2013 Est\u00e1ndar aplica presi\u00f3n controlada sobre botellas y envases pl\u00e1sticos, simulando el efecto de la altitud en distintas condiciones de transporte. Ideal para verificar si los envases mantienen su forma y funcionalidad sin colapsar, permite optimizar su dise\u00f1o estructural sin [&hellip;]","og_url":"https:\/\/h5k5leakdetection.com\/en\/product\/h5k5-hx-estandar\/","og_site_name":"H5k5","article_modified_time":"2025-09-08T19:02:58+00:00","og_image":[{"width":1500,"height":1111,"url":"https:\/\/h5k5leakdetection.com\/wp-content\/uploads\/2025\/07\/H5K5.HX-estandar.jpg","type":"image\/jpeg"}],"twitter_card":"summary_large_image","twitter_misc":{"Est. reading time":"1 minute"},"schema":{"@context":"https:\/\/schema.org","@graph":[{"@type":"WebPage","@id":"https:\/\/h5k5leakdetection.com\/producto\/h5k5-hx-estandar\/","url":"https:\/\/h5k5leakdetection.com\/producto\/h5k5-hx-estandar\/","name":"H5K5.HX \u2013 Est\u00e1ndar | H5k5","isPartOf":{"@id":"https:\/\/h5k5leakdetection.com\/#website"},"primaryImageOfPage":{"@id":"https:\/\/h5k5leakdetection.com\/producto\/h5k5-hx-estandar\/#primaryimage"},"image":{"@id":"https:\/\/h5k5leakdetection.com\/producto\/h5k5-hx-estandar\/#primaryimage"},"thumbnailUrl":"https:\/\/h5k5leakdetection.com\/wp-content\/uploads\/2025\/07\/H5K5.HX-estandar.jpg","datePublished":"2025-07-28T06:15:52+00:00","dateModified":"2025-09-08T19:02:58+00:00","breadcrumb":{"@id":"https:\/\/h5k5leakdetection.com\/producto\/h5k5-hx-estandar\/#breadcrumb"},"inLanguage":"en-US","potentialAction":[{"@type":"ReadAction","target":["https:\/\/h5k5leakdetection.com\/producto\/h5k5-hx-estandar\/"]}]},{"@type":"ImageObject","inLanguage":"en-US","@id":"https:\/\/h5k5leakdetection.com\/producto\/h5k5-hx-estandar\/#primaryimage","url":"https:\/\/h5k5leakdetection.com\/wp-content\/uploads\/2025\/07\/H5K5.HX-estandar.jpg","contentUrl":"https:\/\/h5k5leakdetection.com\/wp-content\/uploads\/2025\/07\/H5K5.HX-estandar.jpg","width":1500,"height":1111,"caption":"H5K5.HX Analizador de Hermeticidad \/ H5K5.HX Leak Tester"},{"@type":"BreadcrumbList","@id":"https:\/\/h5k5leakdetection.com\/producto\/h5k5-hx-estandar\/#breadcrumb","itemListElement":[{"@type":"ListItem","position":1,"name":"Portada","item":"https:\/\/h5k5leakdetection.com\/"},{"@type":"ListItem","position":2,"name":"Tienda","item":"https:\/\/h5k5leakdetection.com\/tienda\/"},{"@type":"ListItem","position":3,"name":"H5K5.HX \u2013 Est\u00e1ndar"}]},{"@type":"WebSite","@id":"https:\/\/h5k5leakdetection.com\/#website","url":"https:\/\/h5k5leakdetection.com\/","name":"h5k5leakdetection.com","description":"Leak Detection","publisher":{"@id":"https:\/\/h5k5leakdetection.com\/#organization"},"potentialAction":[{"@type":"SearchAction","target":{"@type":"EntryPoint","urlTemplate":"https:\/\/h5k5leakdetection.com\/?s={search_term_string}"},"query-input":{"@type":"PropertyValueSpecification","valueRequired":true,"valueName":"search_term_string"}}],"inLanguage":"en-US"},{"@type":"Organization","@id":"https:\/\/h5k5leakdetection.com\/#organization","name":"H5k5 Leak Detection","url":"https:\/\/h5k5leakdetection.com\/","logo":{"@type":"ImageObject","inLanguage":"en-US","@id":"https:\/\/h5k5leakdetection.com\/#\/schema\/logo\/image\/","url":"https:\/\/h5k5leakdetection.com\/wp-content\/uploads\/2025\/07\/cropped-favicon-H5K5.png","contentUrl":"https:\/\/h5k5leakdetection.com\/wp-content\/uploads\/2025\/07\/cropped-favicon-H5K5.png","width":512,"height":512,"caption":"H5k5 Leak Detection"},"image":{"@id":"https:\/\/h5k5leakdetection.com\/#\/schema\/logo\/image\/"}}]}},"_links":{"self":[{"href":"https:\/\/h5k5leakdetection.com\/en\/wp-json\/wp\/v2\/product\/1271","targetHints":{"allow":["GET"]}}],"collection":[{"href":"https:\/\/h5k5leakdetection.com\/en\/wp-json\/wp\/v2\/product"}],"about":[{"href":"https:\/\/h5k5leakdetection.com\/en\/wp-json\/wp\/v2\/types\/product"}],"replies":[{"embeddable":true,"href":"https:\/\/h5k5leakdetection.com\/en\/wp-json\/wp\/v2\/comments?post=1271"}],"wp:featuredmedia":[{"embeddable":true,"href":"https:\/\/h5k5leakdetection.com\/en\/wp-json\/wp\/v2\/media\/1396"}],"wp:attachment":[{"href":"https:\/\/h5k5leakdetection.com\/en\/wp-json\/wp\/v2\/media?parent=1271"}],"wp:term":[{"taxonomy":"product_brand","embeddable":true,"href":"https:\/\/h5k5leakdetection.com\/en\/wp-json\/wp\/v2\/product_brand?post=1271"},{"taxonomy":"product_cat","embeddable":true,"href":"https:\/\/h5k5leakdetection.com\/en\/wp-json\/wp\/v2\/product_cat?post=1271"},{"taxonomy":"product_tag","embeddable":true,"href":"https:\/\/h5k5leakdetection.com\/en\/wp-json\/wp\/v2\/product_tag?post=1271"}],"curies":[{"name":"wp","href":"https:\/\/api.w.org\/{rel}","templated":true}]}}