{"id":1252,"date":"2025-07-28T05:26:42","date_gmt":"2025-07-28T05:26:42","guid":{"rendered":"https:\/\/h5k5leakdetection.com\/?post_type=product&#038;p=1252"},"modified":"2025-08-28T13:42:28","modified_gmt":"2025-08-28T13:42:28","slug":"h5k5-ht-estandar","status":"publish","type":"product","link":"https:\/\/h5k5leakdetection.com\/en\/product\/h5k5-ht-estandar\/","title":{"rendered":"H5K5.HT Standard"},"content":{"rendered":"<p><strong>Perform fast, reliable, and repeatable seal\nintegrity testing.<\/strong><br \/>\nThe H5K5.HT is a compact, portable, and easy-touse\nanalyzer, suitable for detecting leaks in\nblisters and packaging. It can also simulate air\ntransport and altitude conditions, ensuring\npackaging performance under real-world\nscenarios. Fully configurable through its\ntouchscreen display, it delivers precise and\nrepeatable results in just a few steps. Ideal for\nensuring consistent quality throughout your\nproduction line.<\/p>","protected":false},"excerpt":{"rendered":"<p>Realiz\u00e1 ensayos de hermeticidad de forma r\u00e1pida, simple y confiable. El H5K5.HT es un analizador compacto, port\u00e1til y f\u00e1cil de usar, ideal para detectar fugas en blisters y envases. Permite incluso simular condiciones de transporte en avi\u00f3n o altitud, asegurando el desempe\u00f1o del envase en situaciones reales. Totalmente configurable desde su pantalla t\u00e1ctil, garantiza resultados [&hellip;]<\/p>\n","protected":false},"featured_media":1256,"comment_status":"open","ping_status":"closed","template":"","meta":{"_acf_changed":false,"_links_to":"","_links_to_target":""},"product_brand":[],"product_cat":[91,87,92,93,94,85,86,95,20],"product_tag":[57,58,67,68,48,49,69,55,72,73,53,56,54,51,79,50,80,61,60,74,47,75,62,78,52],"class_list":{"0":"post-1252","1":"product","2":"type-product","3":"status-publish","4":"has-post-thumbnail","6":"product_cat-empaques","7":"product_cat-ensayo-de-integridad-del-sellado","8":"product_cat-envases","9":"product_cat-industria-farmaceutica","10":"product_cat-test-azul-de-metileno","11":"product_cat-test-de-burbujas","12":"product_cat-test-en-seco","13":"product_cat-vacio","14":"product_cat-analizador-de-hermeticidad","15":"product_tag-blister","16":"product_tag-bolsa_tipo_puch_doypack","17":"product_tag-botella-plastico","18":"product_tag-botella-tapa-corona","19":"product_tag-botella-tipo-tetra","20":"product_tag-botella-vidrio-tapa-rosca","21":"product_tag-botella-vidrio-tapa-twist-off-con-boton","22":"product_tag-capsula-de-cafe-crema","23":"product_tag-envasado-al-vacio-productos-frescos","24":"product_tag-envasado-al-vacio-productos-secos-o-deshidratados","25":"product_tag-envasado-al-vacio-min-gas-aire","26":"product_tag-envase-con-gas-aire-map","27":"product_tag-envase-flexible-con-min-gas-aire","28":"product_tag-frasco-tapa-induccion-plastico","29":"product_tag-frasco-tapa-induccion-vidrio","30":"product_tag-frasco-tapa-rosca-plastico","31":"product_tag-frasco-tapa-rosca-vidrio","32":"product_tag-lata-de-conserva","33":"product_tag-lata-de-gaseosa-cerveza","34":"product_tag-paquete-de-galletitas","35":"product_tag-pomo-colapsible","36":"product_tag-potes-para-sopa-y-fideos-instantaneos-con-tapa","37":"product_tag-tipo-sachet-liquido","38":"product_tag-tubo-papas-fritas-canister","39":"product_tag-yogurt","41":"first","42":"instock","43":"shipping-taxable","44":"product-type-simple"},"acf":[],"yoast_head":"<!-- This site is optimized with the Yoast SEO plugin v27.0 - https:\/\/yoast.com\/product\/yoast-seo-wordpress\/ -->\n<title>H5K5.HT Est\u00e1ndar | H5k5<\/title>\n<meta name=\"robots\" content=\"index, follow, max-snippet:-1, max-image-preview:large, max-video-preview:-1\" \/>\n<link rel=\"canonical\" href=\"https:\/\/h5k5leakdetection.com\/en\/product\/h5k5-ht-estandar\/\" \/>\n<meta property=\"og:locale\" content=\"en_US\" \/>\n<meta property=\"og:type\" content=\"article\" \/>\n<meta property=\"og:title\" content=\"H5K5.HT Est\u00e1ndar | H5k5\" \/>\n<meta property=\"og:description\" content=\"Realiz\u00e1 ensayos de hermeticidad de forma r\u00e1pida, simple y confiable. El H5K5.HT es un analizador compacto, port\u00e1til y f\u00e1cil de usar, ideal para detectar fugas en blisters y envases. Permite incluso simular condiciones de transporte en avi\u00f3n o altitud, asegurando el desempe\u00f1o del envase en situaciones reales. Totalmente configurable desde su pantalla t\u00e1ctil, garantiza resultados [&hellip;]\" \/>\n<meta property=\"og:url\" content=\"https:\/\/h5k5leakdetection.com\/en\/product\/h5k5-ht-estandar\/\" \/>\n<meta property=\"og:site_name\" content=\"H5k5\" \/>\n<meta property=\"article:modified_time\" content=\"2025-08-28T13:42:28+00:00\" \/>\n<meta property=\"og:image\" content=\"https:\/\/h5k5leakdetection.com\/wp-content\/uploads\/2025\/07\/4-H5K5.HT_.Q-1.jpg\" \/>\n\t<meta property=\"og:image:width\" content=\"1000\" \/>\n\t<meta property=\"og:image:height\" content=\"741\" \/>\n\t<meta property=\"og:image:type\" content=\"image\/jpeg\" \/>\n<meta name=\"twitter:card\" content=\"summary_large_image\" \/>\n<meta name=\"twitter:label1\" content=\"Est. reading time\" \/>\n\t<meta name=\"twitter:data1\" content=\"1 minute\" \/>\n<script type=\"application\/ld+json\" class=\"yoast-schema-graph\">{\"@context\":\"https:\/\/schema.org\",\"@graph\":[{\"@type\":\"WebPage\",\"@id\":\"https:\/\/h5k5leakdetection.com\/producto\/h5k5-ht-estandar\/\",\"url\":\"https:\/\/h5k5leakdetection.com\/producto\/h5k5-ht-estandar\/\",\"name\":\"H5K5.HT Est\u00e1ndar | H5k5\",\"isPartOf\":{\"@id\":\"https:\/\/h5k5leakdetection.com\/#website\"},\"primaryImageOfPage\":{\"@id\":\"https:\/\/h5k5leakdetection.com\/producto\/h5k5-ht-estandar\/#primaryimage\"},\"image\":{\"@id\":\"https:\/\/h5k5leakdetection.com\/producto\/h5k5-ht-estandar\/#primaryimage\"},\"thumbnailUrl\":\"https:\/\/h5k5leakdetection.com\/wp-content\/uploads\/2025\/07\/4-H5K5.HT_.Q-1.jpg\",\"datePublished\":\"2025-07-28T05:26:42+00:00\",\"dateModified\":\"2025-08-28T13:42:28+00:00\",\"breadcrumb\":{\"@id\":\"https:\/\/h5k5leakdetection.com\/producto\/h5k5-ht-estandar\/#breadcrumb\"},\"inLanguage\":\"en-US\",\"potentialAction\":[{\"@type\":\"ReadAction\",\"target\":[\"https:\/\/h5k5leakdetection.com\/producto\/h5k5-ht-estandar\/\"]}]},{\"@type\":\"ImageObject\",\"inLanguage\":\"en-US\",\"@id\":\"https:\/\/h5k5leakdetection.com\/producto\/h5k5-ht-estandar\/#primaryimage\",\"url\":\"https:\/\/h5k5leakdetection.com\/wp-content\/uploads\/2025\/07\/4-H5K5.HT_.Q-1.jpg\",\"contentUrl\":\"https:\/\/h5k5leakdetection.com\/wp-content\/uploads\/2025\/07\/4-H5K5.HT_.Q-1.jpg\",\"width\":1000,\"height\":741,\"caption\":\"H5K5.HT Analizador de Hermeticidad \/ H5K5.HT Leak Tester\"},{\"@type\":\"BreadcrumbList\",\"@id\":\"https:\/\/h5k5leakdetection.com\/producto\/h5k5-ht-estandar\/#breadcrumb\",\"itemListElement\":[{\"@type\":\"ListItem\",\"position\":1,\"name\":\"Portada\",\"item\":\"https:\/\/h5k5leakdetection.com\/\"},{\"@type\":\"ListItem\",\"position\":2,\"name\":\"Tienda\",\"item\":\"https:\/\/h5k5leakdetection.com\/tienda\/\"},{\"@type\":\"ListItem\",\"position\":3,\"name\":\"H5K5.HT Est\u00e1ndar\"}]},{\"@type\":\"WebSite\",\"@id\":\"https:\/\/h5k5leakdetection.com\/#website\",\"url\":\"https:\/\/h5k5leakdetection.com\/\",\"name\":\"h5k5leakdetection.com\",\"description\":\"Leak Detection\",\"publisher\":{\"@id\":\"https:\/\/h5k5leakdetection.com\/#organization\"},\"potentialAction\":[{\"@type\":\"SearchAction\",\"target\":{\"@type\":\"EntryPoint\",\"urlTemplate\":\"https:\/\/h5k5leakdetection.com\/?s={search_term_string}\"},\"query-input\":{\"@type\":\"PropertyValueSpecification\",\"valueRequired\":true,\"valueName\":\"search_term_string\"}}],\"inLanguage\":\"en-US\"},{\"@type\":\"Organization\",\"@id\":\"https:\/\/h5k5leakdetection.com\/#organization\",\"name\":\"H5k5 Leak Detection\",\"url\":\"https:\/\/h5k5leakdetection.com\/\",\"logo\":{\"@type\":\"ImageObject\",\"inLanguage\":\"en-US\",\"@id\":\"https:\/\/h5k5leakdetection.com\/#\/schema\/logo\/image\/\",\"url\":\"https:\/\/h5k5leakdetection.com\/wp-content\/uploads\/2025\/07\/cropped-favicon-H5K5.png\",\"contentUrl\":\"https:\/\/h5k5leakdetection.com\/wp-content\/uploads\/2025\/07\/cropped-favicon-H5K5.png\",\"width\":512,\"height\":512,\"caption\":\"H5k5 Leak Detection\"},\"image\":{\"@id\":\"https:\/\/h5k5leakdetection.com\/#\/schema\/logo\/image\/\"}}]}<\/script>\n<!-- \/ Yoast SEO plugin. -->","yoast_head_json":{"title":"H5K5.HT Est\u00e1ndar | H5k5","robots":{"index":"index","follow":"follow","max-snippet":"max-snippet:-1","max-image-preview":"max-image-preview:large","max-video-preview":"max-video-preview:-1"},"canonical":"https:\/\/h5k5leakdetection.com\/en\/product\/h5k5-ht-estandar\/","og_locale":"en_US","og_type":"article","og_title":"H5K5.HT Est\u00e1ndar | H5k5","og_description":"Realiz\u00e1 ensayos de hermeticidad de forma r\u00e1pida, simple y confiable. El H5K5.HT es un analizador compacto, port\u00e1til y f\u00e1cil de usar, ideal para detectar fugas en blisters y envases. Permite incluso simular condiciones de transporte en avi\u00f3n o altitud, asegurando el desempe\u00f1o del envase en situaciones reales. Totalmente configurable desde su pantalla t\u00e1ctil, garantiza resultados [&hellip;]","og_url":"https:\/\/h5k5leakdetection.com\/en\/product\/h5k5-ht-estandar\/","og_site_name":"H5k5","article_modified_time":"2025-08-28T13:42:28+00:00","og_image":[{"width":1000,"height":741,"url":"https:\/\/h5k5leakdetection.com\/wp-content\/uploads\/2025\/07\/4-H5K5.HT_.Q-1.jpg","type":"image\/jpeg"}],"twitter_card":"summary_large_image","twitter_misc":{"Est. reading time":"1 minute"},"schema":{"@context":"https:\/\/schema.org","@graph":[{"@type":"WebPage","@id":"https:\/\/h5k5leakdetection.com\/producto\/h5k5-ht-estandar\/","url":"https:\/\/h5k5leakdetection.com\/producto\/h5k5-ht-estandar\/","name":"H5K5.HT Est\u00e1ndar | H5k5","isPartOf":{"@id":"https:\/\/h5k5leakdetection.com\/#website"},"primaryImageOfPage":{"@id":"https:\/\/h5k5leakdetection.com\/producto\/h5k5-ht-estandar\/#primaryimage"},"image":{"@id":"https:\/\/h5k5leakdetection.com\/producto\/h5k5-ht-estandar\/#primaryimage"},"thumbnailUrl":"https:\/\/h5k5leakdetection.com\/wp-content\/uploads\/2025\/07\/4-H5K5.HT_.Q-1.jpg","datePublished":"2025-07-28T05:26:42+00:00","dateModified":"2025-08-28T13:42:28+00:00","breadcrumb":{"@id":"https:\/\/h5k5leakdetection.com\/producto\/h5k5-ht-estandar\/#breadcrumb"},"inLanguage":"en-US","potentialAction":[{"@type":"ReadAction","target":["https:\/\/h5k5leakdetection.com\/producto\/h5k5-ht-estandar\/"]}]},{"@type":"ImageObject","inLanguage":"en-US","@id":"https:\/\/h5k5leakdetection.com\/producto\/h5k5-ht-estandar\/#primaryimage","url":"https:\/\/h5k5leakdetection.com\/wp-content\/uploads\/2025\/07\/4-H5K5.HT_.Q-1.jpg","contentUrl":"https:\/\/h5k5leakdetection.com\/wp-content\/uploads\/2025\/07\/4-H5K5.HT_.Q-1.jpg","width":1000,"height":741,"caption":"H5K5.HT Analizador de Hermeticidad \/ H5K5.HT Leak Tester"},{"@type":"BreadcrumbList","@id":"https:\/\/h5k5leakdetection.com\/producto\/h5k5-ht-estandar\/#breadcrumb","itemListElement":[{"@type":"ListItem","position":1,"name":"Portada","item":"https:\/\/h5k5leakdetection.com\/"},{"@type":"ListItem","position":2,"name":"Tienda","item":"https:\/\/h5k5leakdetection.com\/tienda\/"},{"@type":"ListItem","position":3,"name":"H5K5.HT Est\u00e1ndar"}]},{"@type":"WebSite","@id":"https:\/\/h5k5leakdetection.com\/#website","url":"https:\/\/h5k5leakdetection.com\/","name":"h5k5leakdetection.com","description":"Leak Detection","publisher":{"@id":"https:\/\/h5k5leakdetection.com\/#organization"},"potentialAction":[{"@type":"SearchAction","target":{"@type":"EntryPoint","urlTemplate":"https:\/\/h5k5leakdetection.com\/?s={search_term_string}"},"query-input":{"@type":"PropertyValueSpecification","valueRequired":true,"valueName":"search_term_string"}}],"inLanguage":"en-US"},{"@type":"Organization","@id":"https:\/\/h5k5leakdetection.com\/#organization","name":"H5k5 Leak Detection","url":"https:\/\/h5k5leakdetection.com\/","logo":{"@type":"ImageObject","inLanguage":"en-US","@id":"https:\/\/h5k5leakdetection.com\/#\/schema\/logo\/image\/","url":"https:\/\/h5k5leakdetection.com\/wp-content\/uploads\/2025\/07\/cropped-favicon-H5K5.png","contentUrl":"https:\/\/h5k5leakdetection.com\/wp-content\/uploads\/2025\/07\/cropped-favicon-H5K5.png","width":512,"height":512,"caption":"H5k5 Leak Detection"},"image":{"@id":"https:\/\/h5k5leakdetection.com\/#\/schema\/logo\/image\/"}}]}},"_links":{"self":[{"href":"https:\/\/h5k5leakdetection.com\/en\/wp-json\/wp\/v2\/product\/1252","targetHints":{"allow":["GET"]}}],"collection":[{"href":"https:\/\/h5k5leakdetection.com\/en\/wp-json\/wp\/v2\/product"}],"about":[{"href":"https:\/\/h5k5leakdetection.com\/en\/wp-json\/wp\/v2\/types\/product"}],"replies":[{"embeddable":true,"href":"https:\/\/h5k5leakdetection.com\/en\/wp-json\/wp\/v2\/comments?post=1252"}],"wp:featuredmedia":[{"embeddable":true,"href":"https:\/\/h5k5leakdetection.com\/en\/wp-json\/wp\/v2\/media\/1256"}],"wp:attachment":[{"href":"https:\/\/h5k5leakdetection.com\/en\/wp-json\/wp\/v2\/media?parent=1252"}],"wp:term":[{"taxonomy":"product_brand","embeddable":true,"href":"https:\/\/h5k5leakdetection.com\/en\/wp-json\/wp\/v2\/product_brand?post=1252"},{"taxonomy":"product_cat","embeddable":true,"href":"https:\/\/h5k5leakdetection.com\/en\/wp-json\/wp\/v2\/product_cat?post=1252"},{"taxonomy":"product_tag","embeddable":true,"href":"https:\/\/h5k5leakdetection.com\/en\/wp-json\/wp\/v2\/product_tag?post=1252"}],"curies":[{"name":"wp","href":"https:\/\/api.w.org\/{rel}","templated":true}]}}