{"id":1251,"date":"2025-07-28T05:06:16","date_gmt":"2025-07-28T05:06:16","guid":{"rendered":"https:\/\/h5k5leakdetection.com\/?post_type=product&#038;p=1251"},"modified":"2025-09-08T19:44:05","modified_gmt":"2025-09-08T19:44:05","slug":"h5k5-vm-x9-a","status":"publish","type":"product","link":"https:\/\/h5k5leakdetection.com\/en\/product\/h5k5-vm-x9-a\/","title":{"rendered":"H5K5.VM.X9.A"},"content":{"rendered":"<p><strong>Accurate and traceable real-time measurements\nin aerosols.<\/strong><br \/>\nThe H5K5.VM.X9.A is designed exclusively for\nmanual measurement of internal pressure in\naerosol packaging, delivering maximum\naccuracy and full connectivity.\nThis stainless steel analyzer with touchscreen\ndisplay combines durability, ease of use, and\nadvanced data logging technology. It allows users to visualize, record, and analyze data\ndirectly from a PC in real time. The ideal solution\nfor technical environments that require rigorous\ncontrol and complete traceability in every\nmeasurement.<\/p>","protected":false},"excerpt":{"rendered":"<p>Mediciones precisas y trazables en aerosoles, en tiempo real. El H5K5.VM.X9.A esta dise\u00f1ado exclusivamente para medir de forma manual la presi\u00f3n interna en aerosoles, con m\u00e1xima precisi\u00f3n y conectividad. Analizador de acero inoxidable con pantalla t\u00e1ctil que combina durabilidad, facilidad de uso y tecnolog\u00eda avanzada de registro de datos. Permite visualizar, registrar y analizar los [&hellip;]<\/p>\n","protected":false},"featured_media":1237,"comment_status":"open","ping_status":"closed","template":"","meta":{"_acf_changed":false,"_links_to":"","_links_to_target":""},"product_brand":[],"product_cat":[82,22,26],"product_tag":[70],"class_list":{"0":"post-1251","1":"product","2":"type-product","3":"status-publish","4":"has-post-thumbnail","6":"product_cat-medidor-de-presion-interna-en-aerosoles","7":"product_cat-destructivo","8":"product_cat-manometros-analisis-de-presion","9":"product_tag-aerosol","11":"first","12":"instock","13":"shipping-taxable","14":"product-type-simple"},"acf":[],"yoast_head":"<!-- This site is optimized with the Yoast SEO plugin v27.0 - https:\/\/yoast.com\/product\/yoast-seo-wordpress\/ -->\n<title>H5K5.VM.X9.A | H5k5<\/title>\n<meta name=\"robots\" content=\"index, follow, max-snippet:-1, max-image-preview:large, max-video-preview:-1\" \/>\n<link rel=\"canonical\" href=\"https:\/\/h5k5leakdetection.com\/en\/product\/h5k5-vm-x9-a\/\" \/>\n<meta property=\"og:locale\" content=\"en_US\" \/>\n<meta property=\"og:type\" content=\"article\" \/>\n<meta property=\"og:title\" content=\"H5K5.VM.X9.A | H5k5\" \/>\n<meta property=\"og:description\" content=\"Mediciones precisas y trazables en aerosoles, en tiempo real. El H5K5.VM.X9.A esta dise\u00f1ado exclusivamente para medir de forma manual la presi\u00f3n interna en aerosoles, con m\u00e1xima precisi\u00f3n y conectividad. Analizador de acero inoxidable con pantalla t\u00e1ctil que combina durabilidad, facilidad de uso y tecnolog\u00eda avanzada de registro de datos. Permite visualizar, registrar y analizar los [&hellip;]\" \/>\n<meta property=\"og:url\" content=\"https:\/\/h5k5leakdetection.com\/en\/product\/h5k5-vm-x9-a\/\" \/>\n<meta property=\"og:site_name\" content=\"H5k5\" \/>\n<meta property=\"article:modified_time\" content=\"2025-09-08T19:44:05+00:00\" \/>\n<meta property=\"og:image\" content=\"https:\/\/h5k5leakdetection.com\/wp-content\/uploads\/2025\/07\/1-H5K5.VM_.X9.A-e1756477473435.jpg\" \/>\n\t<meta property=\"og:image:width\" content=\"1800\" \/>\n\t<meta property=\"og:image:height\" content=\"1376\" \/>\n\t<meta property=\"og:image:type\" content=\"image\/jpeg\" \/>\n<meta name=\"twitter:card\" content=\"summary_large_image\" \/>\n<meta name=\"twitter:label1\" content=\"Est. reading time\" \/>\n\t<meta name=\"twitter:data1\" content=\"1 minute\" \/>\n<script type=\"application\/ld+json\" class=\"yoast-schema-graph\">{\"@context\":\"https:\/\/schema.org\",\"@graph\":[{\"@type\":\"WebPage\",\"@id\":\"https:\/\/h5k5leakdetection.com\/producto\/h5k5-vm-x9-a\/\",\"url\":\"https:\/\/h5k5leakdetection.com\/producto\/h5k5-vm-x9-a\/\",\"name\":\"H5K5.VM.X9.A | H5k5\",\"isPartOf\":{\"@id\":\"https:\/\/h5k5leakdetection.com\/#website\"},\"primaryImageOfPage\":{\"@id\":\"https:\/\/h5k5leakdetection.com\/producto\/h5k5-vm-x9-a\/#primaryimage\"},\"image\":{\"@id\":\"https:\/\/h5k5leakdetection.com\/producto\/h5k5-vm-x9-a\/#primaryimage\"},\"thumbnailUrl\":\"https:\/\/h5k5leakdetection.com\/wp-content\/uploads\/2025\/07\/1-H5K5.VM_.X9.A-e1756477473435.jpg\",\"datePublished\":\"2025-07-28T05:06:16+00:00\",\"dateModified\":\"2025-09-08T19:44:05+00:00\",\"breadcrumb\":{\"@id\":\"https:\/\/h5k5leakdetection.com\/producto\/h5k5-vm-x9-a\/#breadcrumb\"},\"inLanguage\":\"en-US\",\"potentialAction\":[{\"@type\":\"ReadAction\",\"target\":[\"https:\/\/h5k5leakdetection.com\/producto\/h5k5-vm-x9-a\/\"]}]},{\"@type\":\"ImageObject\",\"inLanguage\":\"en-US\",\"@id\":\"https:\/\/h5k5leakdetection.com\/producto\/h5k5-vm-x9-a\/#primaryimage\",\"url\":\"https:\/\/h5k5leakdetection.com\/wp-content\/uploads\/2025\/07\/1-H5K5.VM_.X9.A-e1756477473435.jpg\",\"contentUrl\":\"https:\/\/h5k5leakdetection.com\/wp-content\/uploads\/2025\/07\/1-H5K5.VM_.X9.A-e1756477473435.jpg\",\"width\":1800,\"height\":1376,\"caption\":\"H5K5.VM.X9.A Manometro Digital para aerosoles \/ H5K5.VM.X9.A Digital Manometer for aerosols\"},{\"@type\":\"BreadcrumbList\",\"@id\":\"https:\/\/h5k5leakdetection.com\/producto\/h5k5-vm-x9-a\/#breadcrumb\",\"itemListElement\":[{\"@type\":\"ListItem\",\"position\":1,\"name\":\"Portada\",\"item\":\"https:\/\/h5k5leakdetection.com\/\"},{\"@type\":\"ListItem\",\"position\":2,\"name\":\"Tienda\",\"item\":\"https:\/\/h5k5leakdetection.com\/tienda\/\"},{\"@type\":\"ListItem\",\"position\":3,\"name\":\"H5K5.VM.X9.A\"}]},{\"@type\":\"WebSite\",\"@id\":\"https:\/\/h5k5leakdetection.com\/#website\",\"url\":\"https:\/\/h5k5leakdetection.com\/\",\"name\":\"h5k5leakdetection.com\",\"description\":\"Leak Detection\",\"publisher\":{\"@id\":\"https:\/\/h5k5leakdetection.com\/#organization\"},\"potentialAction\":[{\"@type\":\"SearchAction\",\"target\":{\"@type\":\"EntryPoint\",\"urlTemplate\":\"https:\/\/h5k5leakdetection.com\/?s={search_term_string}\"},\"query-input\":{\"@type\":\"PropertyValueSpecification\",\"valueRequired\":true,\"valueName\":\"search_term_string\"}}],\"inLanguage\":\"en-US\"},{\"@type\":\"Organization\",\"@id\":\"https:\/\/h5k5leakdetection.com\/#organization\",\"name\":\"H5k5 Leak Detection\",\"url\":\"https:\/\/h5k5leakdetection.com\/\",\"logo\":{\"@type\":\"ImageObject\",\"inLanguage\":\"en-US\",\"@id\":\"https:\/\/h5k5leakdetection.com\/#\/schema\/logo\/image\/\",\"url\":\"https:\/\/h5k5leakdetection.com\/wp-content\/uploads\/2025\/07\/cropped-favicon-H5K5.png\",\"contentUrl\":\"https:\/\/h5k5leakdetection.com\/wp-content\/uploads\/2025\/07\/cropped-favicon-H5K5.png\",\"width\":512,\"height\":512,\"caption\":\"H5k5 Leak Detection\"},\"image\":{\"@id\":\"https:\/\/h5k5leakdetection.com\/#\/schema\/logo\/image\/\"}}]}<\/script>\n<!-- \/ Yoast SEO plugin. -->","yoast_head_json":{"title":"H5K5.VM.X9.A | H5k5","robots":{"index":"index","follow":"follow","max-snippet":"max-snippet:-1","max-image-preview":"max-image-preview:large","max-video-preview":"max-video-preview:-1"},"canonical":"https:\/\/h5k5leakdetection.com\/en\/product\/h5k5-vm-x9-a\/","og_locale":"en_US","og_type":"article","og_title":"H5K5.VM.X9.A | H5k5","og_description":"Mediciones precisas y trazables en aerosoles, en tiempo real. El H5K5.VM.X9.A esta dise\u00f1ado exclusivamente para medir de forma manual la presi\u00f3n interna en aerosoles, con m\u00e1xima precisi\u00f3n y conectividad. Analizador de acero inoxidable con pantalla t\u00e1ctil que combina durabilidad, facilidad de uso y tecnolog\u00eda avanzada de registro de datos. Permite visualizar, registrar y analizar los [&hellip;]","og_url":"https:\/\/h5k5leakdetection.com\/en\/product\/h5k5-vm-x9-a\/","og_site_name":"H5k5","article_modified_time":"2025-09-08T19:44:05+00:00","og_image":[{"width":1800,"height":1376,"url":"https:\/\/h5k5leakdetection.com\/wp-content\/uploads\/2025\/07\/1-H5K5.VM_.X9.A-e1756477473435.jpg","type":"image\/jpeg"}],"twitter_card":"summary_large_image","twitter_misc":{"Est. reading time":"1 minute"},"schema":{"@context":"https:\/\/schema.org","@graph":[{"@type":"WebPage","@id":"https:\/\/h5k5leakdetection.com\/producto\/h5k5-vm-x9-a\/","url":"https:\/\/h5k5leakdetection.com\/producto\/h5k5-vm-x9-a\/","name":"H5K5.VM.X9.A | H5k5","isPartOf":{"@id":"https:\/\/h5k5leakdetection.com\/#website"},"primaryImageOfPage":{"@id":"https:\/\/h5k5leakdetection.com\/producto\/h5k5-vm-x9-a\/#primaryimage"},"image":{"@id":"https:\/\/h5k5leakdetection.com\/producto\/h5k5-vm-x9-a\/#primaryimage"},"thumbnailUrl":"https:\/\/h5k5leakdetection.com\/wp-content\/uploads\/2025\/07\/1-H5K5.VM_.X9.A-e1756477473435.jpg","datePublished":"2025-07-28T05:06:16+00:00","dateModified":"2025-09-08T19:44:05+00:00","breadcrumb":{"@id":"https:\/\/h5k5leakdetection.com\/producto\/h5k5-vm-x9-a\/#breadcrumb"},"inLanguage":"en-US","potentialAction":[{"@type":"ReadAction","target":["https:\/\/h5k5leakdetection.com\/producto\/h5k5-vm-x9-a\/"]}]},{"@type":"ImageObject","inLanguage":"en-US","@id":"https:\/\/h5k5leakdetection.com\/producto\/h5k5-vm-x9-a\/#primaryimage","url":"https:\/\/h5k5leakdetection.com\/wp-content\/uploads\/2025\/07\/1-H5K5.VM_.X9.A-e1756477473435.jpg","contentUrl":"https:\/\/h5k5leakdetection.com\/wp-content\/uploads\/2025\/07\/1-H5K5.VM_.X9.A-e1756477473435.jpg","width":1800,"height":1376,"caption":"H5K5.VM.X9.A Manometro Digital para aerosoles \/ H5K5.VM.X9.A Digital Manometer for aerosols"},{"@type":"BreadcrumbList","@id":"https:\/\/h5k5leakdetection.com\/producto\/h5k5-vm-x9-a\/#breadcrumb","itemListElement":[{"@type":"ListItem","position":1,"name":"Portada","item":"https:\/\/h5k5leakdetection.com\/"},{"@type":"ListItem","position":2,"name":"Tienda","item":"https:\/\/h5k5leakdetection.com\/tienda\/"},{"@type":"ListItem","position":3,"name":"H5K5.VM.X9.A"}]},{"@type":"WebSite","@id":"https:\/\/h5k5leakdetection.com\/#website","url":"https:\/\/h5k5leakdetection.com\/","name":"h5k5leakdetection.com","description":"Leak Detection","publisher":{"@id":"https:\/\/h5k5leakdetection.com\/#organization"},"potentialAction":[{"@type":"SearchAction","target":{"@type":"EntryPoint","urlTemplate":"https:\/\/h5k5leakdetection.com\/?s={search_term_string}"},"query-input":{"@type":"PropertyValueSpecification","valueRequired":true,"valueName":"search_term_string"}}],"inLanguage":"en-US"},{"@type":"Organization","@id":"https:\/\/h5k5leakdetection.com\/#organization","name":"H5k5 Leak Detection","url":"https:\/\/h5k5leakdetection.com\/","logo":{"@type":"ImageObject","inLanguage":"en-US","@id":"https:\/\/h5k5leakdetection.com\/#\/schema\/logo\/image\/","url":"https:\/\/h5k5leakdetection.com\/wp-content\/uploads\/2025\/07\/cropped-favicon-H5K5.png","contentUrl":"https:\/\/h5k5leakdetection.com\/wp-content\/uploads\/2025\/07\/cropped-favicon-H5K5.png","width":512,"height":512,"caption":"H5k5 Leak Detection"},"image":{"@id":"https:\/\/h5k5leakdetection.com\/#\/schema\/logo\/image\/"}}]}},"_links":{"self":[{"href":"https:\/\/h5k5leakdetection.com\/en\/wp-json\/wp\/v2\/product\/1251","targetHints":{"allow":["GET"]}}],"collection":[{"href":"https:\/\/h5k5leakdetection.com\/en\/wp-json\/wp\/v2\/product"}],"about":[{"href":"https:\/\/h5k5leakdetection.com\/en\/wp-json\/wp\/v2\/types\/product"}],"replies":[{"embeddable":true,"href":"https:\/\/h5k5leakdetection.com\/en\/wp-json\/wp\/v2\/comments?post=1251"}],"wp:featuredmedia":[{"embeddable":true,"href":"https:\/\/h5k5leakdetection.com\/en\/wp-json\/wp\/v2\/media\/1237"}],"wp:attachment":[{"href":"https:\/\/h5k5leakdetection.com\/en\/wp-json\/wp\/v2\/media?parent=1251"}],"wp:term":[{"taxonomy":"product_brand","embeddable":true,"href":"https:\/\/h5k5leakdetection.com\/en\/wp-json\/wp\/v2\/product_brand?post=1251"},{"taxonomy":"product_cat","embeddable":true,"href":"https:\/\/h5k5leakdetection.com\/en\/wp-json\/wp\/v2\/product_cat?post=1251"},{"taxonomy":"product_tag","embeddable":true,"href":"https:\/\/h5k5leakdetection.com\/en\/wp-json\/wp\/v2\/product_tag?post=1251"}],"curies":[{"name":"wp","href":"https:\/\/api.w.org\/{rel}","templated":true}]}}