{"id":1236,"date":"2025-07-28T04:26:26","date_gmt":"2025-07-28T04:26:26","guid":{"rendered":"https:\/\/h5k5leakdetection.com\/?post_type=product&#038;p=1236"},"modified":"2025-09-08T19:45:08","modified_gmt":"2025-09-08T19:45:08","slug":"h5k5-vm-x9-l","status":"publish","type":"product","link":"https:\/\/h5k5leakdetection.com\/en\/product\/h5k5-vm-x9-l\/","title":{"rendered":"H5K5.VM.X9.L"},"content":{"rendered":"<p><strong>Monitor pressure and vacuum of liquids in glass\njars in real time and over extended periods.<\/strong><br \/>\nThe H5K5.VM.X9.L allows users to visualize,\nrecord, and analyze the evolution of internal\npressure, providing key information about\nproduct stability. Built in stainless steel with a\ntouchscreen display, it combines durability, ease\nof use, and advanced data logging technology.\nData can be transmitted directly to your PC in an\nintuitive way.\nRobust, precise, and easy to operate, it is the ideal tool for laboratories that require continuous\nmonitoring and full traceability.<br \/>\nRobusto, preciso y f\u00e1cil de usar, es la herramienta ideal para laboratorios que requieren seguimiento continuo y trazabilidad completa.<\/p>","protected":false},"excerpt":{"rendered":"<p>Monitore\u00e1 la presi\u00f3n y el vac\u00edo de l\u00edquidos en frascos de vidrio, en tiempo real y a lo largo del tiempo. El H5K5.VM.X9.L permite visualizar, registrar y analizar la evoluci\u00f3n de la presi\u00f3n interna, brindando informaci\u00f3n clave sobre la estabilidad del contenido. Es un analizador de acero inoxidable con pantalla t\u00e1ctil que combina durabilidad, facilidad [&hellip;]<\/p>\n","protected":false},"featured_media":1238,"comment_status":"open","ping_status":"closed","template":"","meta":{"_acf_changed":false,"_links_to":"","_links_to_target":""},"product_brand":[],"product_cat":[84,22,26],"product_tag":[110],"class_list":{"0":"post-1236","1":"product","2":"type-product","3":"status-publish","4":"has-post-thumbnail","6":"product_cat-medidor-de-presion-interna-de-envases","7":"product_cat-destructivo","8":"product_cat-manometros-analisis-de-presion","9":"product_tag-frasco","11":"first","12":"outofstock","13":"shipping-taxable","14":"product-type-simple"},"acf":[],"yoast_head":"<!-- This site is optimized with the Yoast SEO plugin v27.0 - https:\/\/yoast.com\/product\/yoast-seo-wordpress\/ -->\n<title>H5K5.VM.X9.L | H5k5<\/title>\n<meta name=\"robots\" content=\"index, follow, max-snippet:-1, max-image-preview:large, max-video-preview:-1\" \/>\n<link rel=\"canonical\" href=\"https:\/\/h5k5leakdetection.com\/en\/product\/h5k5-vm-x9-l\/\" \/>\n<meta property=\"og:locale\" content=\"en_US\" \/>\n<meta property=\"og:type\" content=\"article\" \/>\n<meta property=\"og:title\" content=\"H5K5.VM.X9.L | H5k5\" \/>\n<meta property=\"og:description\" content=\"Monitore\u00e1 la presi\u00f3n y el vac\u00edo de l\u00edquidos en frascos de vidrio, en tiempo real y a lo largo del tiempo. El H5K5.VM.X9.L permite visualizar, registrar y analizar la evoluci\u00f3n de la presi\u00f3n interna, brindando informaci\u00f3n clave sobre la estabilidad del contenido. Es un analizador de acero inoxidable con pantalla t\u00e1ctil que combina durabilidad, facilidad [&hellip;]\" \/>\n<meta property=\"og:url\" content=\"https:\/\/h5k5leakdetection.com\/en\/product\/h5k5-vm-x9-l\/\" \/>\n<meta property=\"og:site_name\" content=\"H5k5\" \/>\n<meta property=\"article:modified_time\" content=\"2025-09-08T19:45:08+00:00\" \/>\n<meta property=\"og:image\" content=\"https:\/\/h5k5leakdetection.com\/wp-content\/uploads\/2025\/07\/1-H5K5.VM_.X9.L.jpg\" \/>\n\t<meta property=\"og:image:width\" content=\"600\" \/>\n\t<meta property=\"og:image:height\" content=\"800\" \/>\n\t<meta property=\"og:image:type\" content=\"image\/jpeg\" \/>\n<meta name=\"twitter:card\" content=\"summary_large_image\" \/>\n<meta name=\"twitter:label1\" content=\"Est. reading time\" \/>\n\t<meta name=\"twitter:data1\" content=\"1 minute\" \/>\n<script type=\"application\/ld+json\" class=\"yoast-schema-graph\">{\"@context\":\"https:\/\/schema.org\",\"@graph\":[{\"@type\":\"WebPage\",\"@id\":\"https:\/\/h5k5leakdetection.com\/producto\/h5k5-vm-x9-l\/\",\"url\":\"https:\/\/h5k5leakdetection.com\/producto\/h5k5-vm-x9-l\/\",\"name\":\"H5K5.VM.X9.L | H5k5\",\"isPartOf\":{\"@id\":\"https:\/\/h5k5leakdetection.com\/#website\"},\"primaryImageOfPage\":{\"@id\":\"https:\/\/h5k5leakdetection.com\/producto\/h5k5-vm-x9-l\/#primaryimage\"},\"image\":{\"@id\":\"https:\/\/h5k5leakdetection.com\/producto\/h5k5-vm-x9-l\/#primaryimage\"},\"thumbnailUrl\":\"https:\/\/h5k5leakdetection.com\/wp-content\/uploads\/2025\/07\/1-H5K5.VM_.X9.L.jpg\",\"datePublished\":\"2025-07-28T04:26:26+00:00\",\"dateModified\":\"2025-09-08T19:45:08+00:00\",\"breadcrumb\":{\"@id\":\"https:\/\/h5k5leakdetection.com\/producto\/h5k5-vm-x9-l\/#breadcrumb\"},\"inLanguage\":\"en-US\",\"potentialAction\":[{\"@type\":\"ReadAction\",\"target\":[\"https:\/\/h5k5leakdetection.com\/producto\/h5k5-vm-x9-l\/\"]}]},{\"@type\":\"ImageObject\",\"inLanguage\":\"en-US\",\"@id\":\"https:\/\/h5k5leakdetection.com\/producto\/h5k5-vm-x9-l\/#primaryimage\",\"url\":\"https:\/\/h5k5leakdetection.com\/wp-content\/uploads\/2025\/07\/1-H5K5.VM_.X9.L.jpg\",\"contentUrl\":\"https:\/\/h5k5leakdetection.com\/wp-content\/uploads\/2025\/07\/1-H5K5.VM_.X9.L.jpg\",\"width\":600,\"height\":800,\"caption\":\"H5K5.VM.X9.L Manometro Digital para frascos \/ H5K5.VM.X9.L Digital Manometer for jars\"},{\"@type\":\"BreadcrumbList\",\"@id\":\"https:\/\/h5k5leakdetection.com\/producto\/h5k5-vm-x9-l\/#breadcrumb\",\"itemListElement\":[{\"@type\":\"ListItem\",\"position\":1,\"name\":\"Portada\",\"item\":\"https:\/\/h5k5leakdetection.com\/\"},{\"@type\":\"ListItem\",\"position\":2,\"name\":\"Tienda\",\"item\":\"https:\/\/h5k5leakdetection.com\/tienda\/\"},{\"@type\":\"ListItem\",\"position\":3,\"name\":\"H5K5.VM.X9.L\"}]},{\"@type\":\"WebSite\",\"@id\":\"https:\/\/h5k5leakdetection.com\/#website\",\"url\":\"https:\/\/h5k5leakdetection.com\/\",\"name\":\"h5k5leakdetection.com\",\"description\":\"Leak Detection\",\"publisher\":{\"@id\":\"https:\/\/h5k5leakdetection.com\/#organization\"},\"potentialAction\":[{\"@type\":\"SearchAction\",\"target\":{\"@type\":\"EntryPoint\",\"urlTemplate\":\"https:\/\/h5k5leakdetection.com\/?s={search_term_string}\"},\"query-input\":{\"@type\":\"PropertyValueSpecification\",\"valueRequired\":true,\"valueName\":\"search_term_string\"}}],\"inLanguage\":\"en-US\"},{\"@type\":\"Organization\",\"@id\":\"https:\/\/h5k5leakdetection.com\/#organization\",\"name\":\"H5k5 Leak Detection\",\"url\":\"https:\/\/h5k5leakdetection.com\/\",\"logo\":{\"@type\":\"ImageObject\",\"inLanguage\":\"en-US\",\"@id\":\"https:\/\/h5k5leakdetection.com\/#\/schema\/logo\/image\/\",\"url\":\"https:\/\/h5k5leakdetection.com\/wp-content\/uploads\/2025\/07\/cropped-favicon-H5K5.png\",\"contentUrl\":\"https:\/\/h5k5leakdetection.com\/wp-content\/uploads\/2025\/07\/cropped-favicon-H5K5.png\",\"width\":512,\"height\":512,\"caption\":\"H5k5 Leak Detection\"},\"image\":{\"@id\":\"https:\/\/h5k5leakdetection.com\/#\/schema\/logo\/image\/\"}}]}<\/script>\n<!-- \/ Yoast SEO plugin. -->","yoast_head_json":{"title":"H5K5.VM.X9.L | H5k5","robots":{"index":"index","follow":"follow","max-snippet":"max-snippet:-1","max-image-preview":"max-image-preview:large","max-video-preview":"max-video-preview:-1"},"canonical":"https:\/\/h5k5leakdetection.com\/en\/product\/h5k5-vm-x9-l\/","og_locale":"en_US","og_type":"article","og_title":"H5K5.VM.X9.L | H5k5","og_description":"Monitore\u00e1 la presi\u00f3n y el vac\u00edo de l\u00edquidos en frascos de vidrio, en tiempo real y a lo largo del tiempo. El H5K5.VM.X9.L permite visualizar, registrar y analizar la evoluci\u00f3n de la presi\u00f3n interna, brindando informaci\u00f3n clave sobre la estabilidad del contenido. Es un analizador de acero inoxidable con pantalla t\u00e1ctil que combina durabilidad, facilidad [&hellip;]","og_url":"https:\/\/h5k5leakdetection.com\/en\/product\/h5k5-vm-x9-l\/","og_site_name":"H5k5","article_modified_time":"2025-09-08T19:45:08+00:00","og_image":[{"width":600,"height":800,"url":"https:\/\/h5k5leakdetection.com\/wp-content\/uploads\/2025\/07\/1-H5K5.VM_.X9.L.jpg","type":"image\/jpeg"}],"twitter_card":"summary_large_image","twitter_misc":{"Est. reading time":"1 minute"},"schema":{"@context":"https:\/\/schema.org","@graph":[{"@type":"WebPage","@id":"https:\/\/h5k5leakdetection.com\/producto\/h5k5-vm-x9-l\/","url":"https:\/\/h5k5leakdetection.com\/producto\/h5k5-vm-x9-l\/","name":"H5K5.VM.X9.L | H5k5","isPartOf":{"@id":"https:\/\/h5k5leakdetection.com\/#website"},"primaryImageOfPage":{"@id":"https:\/\/h5k5leakdetection.com\/producto\/h5k5-vm-x9-l\/#primaryimage"},"image":{"@id":"https:\/\/h5k5leakdetection.com\/producto\/h5k5-vm-x9-l\/#primaryimage"},"thumbnailUrl":"https:\/\/h5k5leakdetection.com\/wp-content\/uploads\/2025\/07\/1-H5K5.VM_.X9.L.jpg","datePublished":"2025-07-28T04:26:26+00:00","dateModified":"2025-09-08T19:45:08+00:00","breadcrumb":{"@id":"https:\/\/h5k5leakdetection.com\/producto\/h5k5-vm-x9-l\/#breadcrumb"},"inLanguage":"en-US","potentialAction":[{"@type":"ReadAction","target":["https:\/\/h5k5leakdetection.com\/producto\/h5k5-vm-x9-l\/"]}]},{"@type":"ImageObject","inLanguage":"en-US","@id":"https:\/\/h5k5leakdetection.com\/producto\/h5k5-vm-x9-l\/#primaryimage","url":"https:\/\/h5k5leakdetection.com\/wp-content\/uploads\/2025\/07\/1-H5K5.VM_.X9.L.jpg","contentUrl":"https:\/\/h5k5leakdetection.com\/wp-content\/uploads\/2025\/07\/1-H5K5.VM_.X9.L.jpg","width":600,"height":800,"caption":"H5K5.VM.X9.L Manometro Digital para frascos \/ H5K5.VM.X9.L Digital Manometer for jars"},{"@type":"BreadcrumbList","@id":"https:\/\/h5k5leakdetection.com\/producto\/h5k5-vm-x9-l\/#breadcrumb","itemListElement":[{"@type":"ListItem","position":1,"name":"Portada","item":"https:\/\/h5k5leakdetection.com\/"},{"@type":"ListItem","position":2,"name":"Tienda","item":"https:\/\/h5k5leakdetection.com\/tienda\/"},{"@type":"ListItem","position":3,"name":"H5K5.VM.X9.L"}]},{"@type":"WebSite","@id":"https:\/\/h5k5leakdetection.com\/#website","url":"https:\/\/h5k5leakdetection.com\/","name":"h5k5leakdetection.com","description":"Leak Detection","publisher":{"@id":"https:\/\/h5k5leakdetection.com\/#organization"},"potentialAction":[{"@type":"SearchAction","target":{"@type":"EntryPoint","urlTemplate":"https:\/\/h5k5leakdetection.com\/?s={search_term_string}"},"query-input":{"@type":"PropertyValueSpecification","valueRequired":true,"valueName":"search_term_string"}}],"inLanguage":"en-US"},{"@type":"Organization","@id":"https:\/\/h5k5leakdetection.com\/#organization","name":"H5k5 Leak Detection","url":"https:\/\/h5k5leakdetection.com\/","logo":{"@type":"ImageObject","inLanguage":"en-US","@id":"https:\/\/h5k5leakdetection.com\/#\/schema\/logo\/image\/","url":"https:\/\/h5k5leakdetection.com\/wp-content\/uploads\/2025\/07\/cropped-favicon-H5K5.png","contentUrl":"https:\/\/h5k5leakdetection.com\/wp-content\/uploads\/2025\/07\/cropped-favicon-H5K5.png","width":512,"height":512,"caption":"H5k5 Leak Detection"},"image":{"@id":"https:\/\/h5k5leakdetection.com\/#\/schema\/logo\/image\/"}}]}},"_links":{"self":[{"href":"https:\/\/h5k5leakdetection.com\/en\/wp-json\/wp\/v2\/product\/1236","targetHints":{"allow":["GET"]}}],"collection":[{"href":"https:\/\/h5k5leakdetection.com\/en\/wp-json\/wp\/v2\/product"}],"about":[{"href":"https:\/\/h5k5leakdetection.com\/en\/wp-json\/wp\/v2\/types\/product"}],"replies":[{"embeddable":true,"href":"https:\/\/h5k5leakdetection.com\/en\/wp-json\/wp\/v2\/comments?post=1236"}],"wp:featuredmedia":[{"embeddable":true,"href":"https:\/\/h5k5leakdetection.com\/en\/wp-json\/wp\/v2\/media\/1238"}],"wp:attachment":[{"href":"https:\/\/h5k5leakdetection.com\/en\/wp-json\/wp\/v2\/media?parent=1236"}],"wp:term":[{"taxonomy":"product_brand","embeddable":true,"href":"https:\/\/h5k5leakdetection.com\/en\/wp-json\/wp\/v2\/product_brand?post=1236"},{"taxonomy":"product_cat","embeddable":true,"href":"https:\/\/h5k5leakdetection.com\/en\/wp-json\/wp\/v2\/product_cat?post=1236"},{"taxonomy":"product_tag","embeddable":true,"href":"https:\/\/h5k5leakdetection.com\/en\/wp-json\/wp\/v2\/product_tag?post=1236"}],"curies":[{"name":"wp","href":"https:\/\/api.w.org\/{rel}","templated":true}]}}