{"id":1225,"date":"2025-07-28T03:54:00","date_gmt":"2025-07-28T03:54:00","guid":{"rendered":"https:\/\/h5k5leakdetection.com\/?post_type=product&#038;p=1225"},"modified":"2025-09-09T03:56:19","modified_gmt":"2025-09-09T03:56:19","slug":"h5k5-vm-x5-a","status":"publish","type":"product","link":"https:\/\/h5k5leakdetection.com\/en\/product\/h5k5-vm-x5-a\/","title":{"rendered":"H5K5.VM.X5.A"},"content":{"rendered":"<p><strong>Measure internal aerosol pressure accurately,\nmanually, and without complications.<\/strong><br \/>\nThe H5K5.VM.X5.A is specifically designed to\nperform fast and reliable measurements on\npressurized packaging such as aerosols.\nCompact, practical, and easy to operate, it is\nsuitable for spot checks in production,\nmaintenance, or laboratory environments. The\nperfect solution for obtaining precise data\nwithout the need for complex installation.<\/p>","protected":false},"excerpt":{"rendered":"<p>Med\u00ed con precisi\u00f3n la presi\u00f3n interna en aerosoles, de forma manual y sin complicaciones. El H5K5.VM.X5.A esta dise\u00f1ado espec\u00edficamente para realizar mediciones r\u00e1pidas y confiables en envases presurizados como aerosoles. Compacto, pr\u00e1ctico y f\u00e1cil de operar, se adapta a controles puntuales en producci\u00f3n, mantenimiento o laboratorio. La soluci\u00f3n ideal para obtener datos precisos, sin necesidad [&hellip;]<\/p>\n","protected":false},"featured_media":1226,"comment_status":"open","ping_status":"closed","template":"","meta":{"_acf_changed":false,"_links_to":"","_links_to_target":""},"product_brand":[],"product_cat":[82,22,26],"product_tag":[70],"class_list":{"0":"post-1225","1":"product","2":"type-product","3":"status-publish","4":"has-post-thumbnail","6":"product_cat-medidor-de-presion-interna-en-aerosoles","7":"product_cat-destructivo","8":"product_cat-manometros-analisis-de-presion","9":"product_tag-aerosol","11":"first","12":"instock","13":"shipping-taxable","14":"product-type-simple"},"acf":[],"yoast_head":"<!-- This site is optimized with the Yoast SEO plugin v27.0 - https:\/\/yoast.com\/product\/yoast-seo-wordpress\/ -->\n<title>H5K5.VM.X5.A | H5k5<\/title>\n<meta name=\"robots\" content=\"index, follow, max-snippet:-1, max-image-preview:large, max-video-preview:-1\" \/>\n<link rel=\"canonical\" href=\"https:\/\/h5k5leakdetection.com\/en\/product\/h5k5-vm-x5-a\/\" \/>\n<meta property=\"og:locale\" content=\"en_US\" \/>\n<meta property=\"og:type\" content=\"article\" \/>\n<meta property=\"og:title\" content=\"H5K5.VM.X5.A | H5k5\" \/>\n<meta property=\"og:description\" content=\"Med\u00ed con precisi\u00f3n la presi\u00f3n interna en aerosoles, de forma manual y sin complicaciones. El H5K5.VM.X5.A esta dise\u00f1ado espec\u00edficamente para realizar mediciones r\u00e1pidas y confiables en envases presurizados como aerosoles. Compacto, pr\u00e1ctico y f\u00e1cil de operar, se adapta a controles puntuales en producci\u00f3n, mantenimiento o laboratorio. La soluci\u00f3n ideal para obtener datos precisos, sin necesidad [&hellip;]\" \/>\n<meta property=\"og:url\" content=\"https:\/\/h5k5leakdetection.com\/en\/product\/h5k5-vm-x5-a\/\" \/>\n<meta property=\"og:site_name\" content=\"H5k5\" \/>\n<meta property=\"article:modified_time\" content=\"2025-09-09T03:56:19+00:00\" \/>\n<meta property=\"og:image\" content=\"https:\/\/h5k5leakdetection.com\/wp-content\/uploads\/2025\/07\/1-H5K5.VM_.X5.A-e1757390165458.jpg\" \/>\n\t<meta property=\"og:image:width\" content=\"600\" \/>\n\t<meta property=\"og:image:height\" content=\"602\" \/>\n\t<meta property=\"og:image:type\" content=\"image\/jpeg\" \/>\n<meta name=\"twitter:card\" content=\"summary_large_image\" \/>\n<meta name=\"twitter:label1\" content=\"Est. reading time\" \/>\n\t<meta name=\"twitter:data1\" content=\"1 minute\" \/>\n<script type=\"application\/ld+json\" class=\"yoast-schema-graph\">{\"@context\":\"https:\/\/schema.org\",\"@graph\":[{\"@type\":\"WebPage\",\"@id\":\"https:\/\/h5k5leakdetection.com\/producto\/h5k5-vm-x5-a\/\",\"url\":\"https:\/\/h5k5leakdetection.com\/producto\/h5k5-vm-x5-a\/\",\"name\":\"H5K5.VM.X5.A | H5k5\",\"isPartOf\":{\"@id\":\"https:\/\/h5k5leakdetection.com\/#website\"},\"primaryImageOfPage\":{\"@id\":\"https:\/\/h5k5leakdetection.com\/producto\/h5k5-vm-x5-a\/#primaryimage\"},\"image\":{\"@id\":\"https:\/\/h5k5leakdetection.com\/producto\/h5k5-vm-x5-a\/#primaryimage\"},\"thumbnailUrl\":\"https:\/\/h5k5leakdetection.com\/wp-content\/uploads\/2025\/07\/1-H5K5.VM_.X5.A-e1757390165458.jpg\",\"datePublished\":\"2025-07-28T03:54:00+00:00\",\"dateModified\":\"2025-09-09T03:56:19+00:00\",\"breadcrumb\":{\"@id\":\"https:\/\/h5k5leakdetection.com\/producto\/h5k5-vm-x5-a\/#breadcrumb\"},\"inLanguage\":\"en-US\",\"potentialAction\":[{\"@type\":\"ReadAction\",\"target\":[\"https:\/\/h5k5leakdetection.com\/producto\/h5k5-vm-x5-a\/\"]}]},{\"@type\":\"ImageObject\",\"inLanguage\":\"en-US\",\"@id\":\"https:\/\/h5k5leakdetection.com\/producto\/h5k5-vm-x5-a\/#primaryimage\",\"url\":\"https:\/\/h5k5leakdetection.com\/wp-content\/uploads\/2025\/07\/1-H5K5.VM_.X5.A-e1757390165458.jpg\",\"contentUrl\":\"https:\/\/h5k5leakdetection.com\/wp-content\/uploads\/2025\/07\/1-H5K5.VM_.X5.A-e1757390165458.jpg\",\"width\":600,\"height\":602,\"caption\":\"H5K5.VM.X5.A Manometro Digital para aerosoles \/ H5K5.VM.X5.A Digital Manometer for aerosols\"},{\"@type\":\"BreadcrumbList\",\"@id\":\"https:\/\/h5k5leakdetection.com\/producto\/h5k5-vm-x5-a\/#breadcrumb\",\"itemListElement\":[{\"@type\":\"ListItem\",\"position\":1,\"name\":\"Portada\",\"item\":\"https:\/\/h5k5leakdetection.com\/\"},{\"@type\":\"ListItem\",\"position\":2,\"name\":\"Tienda\",\"item\":\"https:\/\/h5k5leakdetection.com\/tienda\/\"},{\"@type\":\"ListItem\",\"position\":3,\"name\":\"H5K5.VM.X5.A\"}]},{\"@type\":\"WebSite\",\"@id\":\"https:\/\/h5k5leakdetection.com\/#website\",\"url\":\"https:\/\/h5k5leakdetection.com\/\",\"name\":\"h5k5leakdetection.com\",\"description\":\"Leak Detection\",\"publisher\":{\"@id\":\"https:\/\/h5k5leakdetection.com\/#organization\"},\"potentialAction\":[{\"@type\":\"SearchAction\",\"target\":{\"@type\":\"EntryPoint\",\"urlTemplate\":\"https:\/\/h5k5leakdetection.com\/?s={search_term_string}\"},\"query-input\":{\"@type\":\"PropertyValueSpecification\",\"valueRequired\":true,\"valueName\":\"search_term_string\"}}],\"inLanguage\":\"en-US\"},{\"@type\":\"Organization\",\"@id\":\"https:\/\/h5k5leakdetection.com\/#organization\",\"name\":\"H5k5 Leak Detection\",\"url\":\"https:\/\/h5k5leakdetection.com\/\",\"logo\":{\"@type\":\"ImageObject\",\"inLanguage\":\"en-US\",\"@id\":\"https:\/\/h5k5leakdetection.com\/#\/schema\/logo\/image\/\",\"url\":\"https:\/\/h5k5leakdetection.com\/wp-content\/uploads\/2025\/07\/cropped-favicon-H5K5.png\",\"contentUrl\":\"https:\/\/h5k5leakdetection.com\/wp-content\/uploads\/2025\/07\/cropped-favicon-H5K5.png\",\"width\":512,\"height\":512,\"caption\":\"H5k5 Leak Detection\"},\"image\":{\"@id\":\"https:\/\/h5k5leakdetection.com\/#\/schema\/logo\/image\/\"}}]}<\/script>\n<!-- \/ Yoast SEO plugin. -->","yoast_head_json":{"title":"H5K5.VM.X5.A | H5k5","robots":{"index":"index","follow":"follow","max-snippet":"max-snippet:-1","max-image-preview":"max-image-preview:large","max-video-preview":"max-video-preview:-1"},"canonical":"https:\/\/h5k5leakdetection.com\/en\/product\/h5k5-vm-x5-a\/","og_locale":"en_US","og_type":"article","og_title":"H5K5.VM.X5.A | H5k5","og_description":"Med\u00ed con precisi\u00f3n la presi\u00f3n interna en aerosoles, de forma manual y sin complicaciones. El H5K5.VM.X5.A esta dise\u00f1ado espec\u00edficamente para realizar mediciones r\u00e1pidas y confiables en envases presurizados como aerosoles. Compacto, pr\u00e1ctico y f\u00e1cil de operar, se adapta a controles puntuales en producci\u00f3n, mantenimiento o laboratorio. La soluci\u00f3n ideal para obtener datos precisos, sin necesidad [&hellip;]","og_url":"https:\/\/h5k5leakdetection.com\/en\/product\/h5k5-vm-x5-a\/","og_site_name":"H5k5","article_modified_time":"2025-09-09T03:56:19+00:00","og_image":[{"width":600,"height":602,"url":"https:\/\/h5k5leakdetection.com\/wp-content\/uploads\/2025\/07\/1-H5K5.VM_.X5.A-e1757390165458.jpg","type":"image\/jpeg"}],"twitter_card":"summary_large_image","twitter_misc":{"Est. reading time":"1 minute"},"schema":{"@context":"https:\/\/schema.org","@graph":[{"@type":"WebPage","@id":"https:\/\/h5k5leakdetection.com\/producto\/h5k5-vm-x5-a\/","url":"https:\/\/h5k5leakdetection.com\/producto\/h5k5-vm-x5-a\/","name":"H5K5.VM.X5.A | H5k5","isPartOf":{"@id":"https:\/\/h5k5leakdetection.com\/#website"},"primaryImageOfPage":{"@id":"https:\/\/h5k5leakdetection.com\/producto\/h5k5-vm-x5-a\/#primaryimage"},"image":{"@id":"https:\/\/h5k5leakdetection.com\/producto\/h5k5-vm-x5-a\/#primaryimage"},"thumbnailUrl":"https:\/\/h5k5leakdetection.com\/wp-content\/uploads\/2025\/07\/1-H5K5.VM_.X5.A-e1757390165458.jpg","datePublished":"2025-07-28T03:54:00+00:00","dateModified":"2025-09-09T03:56:19+00:00","breadcrumb":{"@id":"https:\/\/h5k5leakdetection.com\/producto\/h5k5-vm-x5-a\/#breadcrumb"},"inLanguage":"en-US","potentialAction":[{"@type":"ReadAction","target":["https:\/\/h5k5leakdetection.com\/producto\/h5k5-vm-x5-a\/"]}]},{"@type":"ImageObject","inLanguage":"en-US","@id":"https:\/\/h5k5leakdetection.com\/producto\/h5k5-vm-x5-a\/#primaryimage","url":"https:\/\/h5k5leakdetection.com\/wp-content\/uploads\/2025\/07\/1-H5K5.VM_.X5.A-e1757390165458.jpg","contentUrl":"https:\/\/h5k5leakdetection.com\/wp-content\/uploads\/2025\/07\/1-H5K5.VM_.X5.A-e1757390165458.jpg","width":600,"height":602,"caption":"H5K5.VM.X5.A Manometro Digital para aerosoles \/ H5K5.VM.X5.A Digital Manometer for aerosols"},{"@type":"BreadcrumbList","@id":"https:\/\/h5k5leakdetection.com\/producto\/h5k5-vm-x5-a\/#breadcrumb","itemListElement":[{"@type":"ListItem","position":1,"name":"Portada","item":"https:\/\/h5k5leakdetection.com\/"},{"@type":"ListItem","position":2,"name":"Tienda","item":"https:\/\/h5k5leakdetection.com\/tienda\/"},{"@type":"ListItem","position":3,"name":"H5K5.VM.X5.A"}]},{"@type":"WebSite","@id":"https:\/\/h5k5leakdetection.com\/#website","url":"https:\/\/h5k5leakdetection.com\/","name":"h5k5leakdetection.com","description":"Leak Detection","publisher":{"@id":"https:\/\/h5k5leakdetection.com\/#organization"},"potentialAction":[{"@type":"SearchAction","target":{"@type":"EntryPoint","urlTemplate":"https:\/\/h5k5leakdetection.com\/?s={search_term_string}"},"query-input":{"@type":"PropertyValueSpecification","valueRequired":true,"valueName":"search_term_string"}}],"inLanguage":"en-US"},{"@type":"Organization","@id":"https:\/\/h5k5leakdetection.com\/#organization","name":"H5k5 Leak Detection","url":"https:\/\/h5k5leakdetection.com\/","logo":{"@type":"ImageObject","inLanguage":"en-US","@id":"https:\/\/h5k5leakdetection.com\/#\/schema\/logo\/image\/","url":"https:\/\/h5k5leakdetection.com\/wp-content\/uploads\/2025\/07\/cropped-favicon-H5K5.png","contentUrl":"https:\/\/h5k5leakdetection.com\/wp-content\/uploads\/2025\/07\/cropped-favicon-H5K5.png","width":512,"height":512,"caption":"H5k5 Leak Detection"},"image":{"@id":"https:\/\/h5k5leakdetection.com\/#\/schema\/logo\/image\/"}}]}},"_links":{"self":[{"href":"https:\/\/h5k5leakdetection.com\/en\/wp-json\/wp\/v2\/product\/1225","targetHints":{"allow":["GET"]}}],"collection":[{"href":"https:\/\/h5k5leakdetection.com\/en\/wp-json\/wp\/v2\/product"}],"about":[{"href":"https:\/\/h5k5leakdetection.com\/en\/wp-json\/wp\/v2\/types\/product"}],"replies":[{"embeddable":true,"href":"https:\/\/h5k5leakdetection.com\/en\/wp-json\/wp\/v2\/comments?post=1225"}],"wp:featuredmedia":[{"embeddable":true,"href":"https:\/\/h5k5leakdetection.com\/en\/wp-json\/wp\/v2\/media\/1226"}],"wp:attachment":[{"href":"https:\/\/h5k5leakdetection.com\/en\/wp-json\/wp\/v2\/media?parent=1225"}],"wp:term":[{"taxonomy":"product_brand","embeddable":true,"href":"https:\/\/h5k5leakdetection.com\/en\/wp-json\/wp\/v2\/product_brand?post=1225"},{"taxonomy":"product_cat","embeddable":true,"href":"https:\/\/h5k5leakdetection.com\/en\/wp-json\/wp\/v2\/product_cat?post=1225"},{"taxonomy":"product_tag","embeddable":true,"href":"https:\/\/h5k5leakdetection.com\/en\/wp-json\/wp\/v2\/product_tag?post=1225"}],"curies":[{"name":"wp","href":"https:\/\/api.w.org\/{rel}","templated":true}]}}