{"id":1223,"date":"2025-07-28T03:48:17","date_gmt":"2025-07-28T03:48:17","guid":{"rendered":"https:\/\/h5k5leakdetection.com\/?post_type=product&#038;p=1223"},"modified":"2025-09-08T20:03:38","modified_gmt":"2025-09-08T20:03:38","slug":"h5k5-vm-x5-f","status":"publish","type":"product","link":"https:\/\/h5k5leakdetection.com\/en\/product\/h5k5-vm-x5-f\/","title":{"rendered":"H5K5.VM.X5.F"},"content":{"rendered":"<p><strong>Easily measure rigid packaging\u2014without effort\nor errors.<\/strong><br \/>\nThe H5K5.VM.X5.F includes a stand that\nfacilitates testing of packaging that is difficult to\npierce manually. Fast, accurate, and easy to use,\nit delivers consistent results in any environment.\nThe ideal tool for pressure control applications\nwhere robustness is essential.<\/p>","protected":false},"excerpt":{"rendered":"<p>Med\u00ed f\u00e1cilmente en envases r\u00edgidos, sin esfuerzo ni errores. El H5K5.VM.X5.F incluye un soporte que facilita el ensayo de envases dif\u00edciles de perforar manualmente. R\u00e1pido, preciso y f\u00e1cil de usar, ofrece resultados consistentes en cualquier entorno. La herramienta ideal para controles de presi\u00f3n donde la robustez es esencial.<\/p>","protected":false},"featured_media":1203,"comment_status":"open","ping_status":"closed","template":"","meta":{"_acf_changed":false,"_links_to":"","_links_to_target":""},"product_brand":[],"product_cat":[81,83,22,26],"product_tag":[58,67,68,48,49,69,55,56,51,79,50,80,61,60,75,62,52],"class_list":{"0":"post-1223","1":"product","2":"type-product","3":"status-publish","4":"has-post-thumbnail","6":"product_cat-envases-rigidos-dificiles-de-perforar","7":"product_cat-medidor-de-presion-interna-de-envases-con-soporte","8":"product_cat-destructivo","9":"product_cat-manometros-analisis-de-presion","10":"product_tag-bolsa_tipo_puch_doypack","11":"product_tag-botella-plastico","12":"product_tag-botella-tapa-corona","13":"product_tag-botella-tipo-tetra","14":"product_tag-botella-vidrio-tapa-rosca","15":"product_tag-botella-vidrio-tapa-twist-off-con-boton","16":"product_tag-capsula-de-cafe-crema","17":"product_tag-envase-con-gas-aire-map","18":"product_tag-frasco-tapa-induccion-plastico","19":"product_tag-frasco-tapa-induccion-vidrio","20":"product_tag-frasco-tapa-rosca-plastico","21":"product_tag-frasco-tapa-rosca-vidrio","22":"product_tag-lata-de-conserva","23":"product_tag-lata-de-gaseosa-cerveza","24":"product_tag-potes-para-sopa-y-fideos-instantaneos-con-tapa","25":"product_tag-tipo-sachet-liquido","26":"product_tag-yogurt","28":"first","29":"instock","30":"shipping-taxable","31":"product-type-simple"},"acf":[],"yoast_head":"<!-- This site is optimized with the Yoast SEO plugin v27.0 - https:\/\/yoast.com\/product\/yoast-seo-wordpress\/ -->\n<title>H5K5.VM.X5.F | H5k5<\/title>\n<meta name=\"robots\" content=\"index, follow, max-snippet:-1, max-image-preview:large, max-video-preview:-1\" \/>\n<link rel=\"canonical\" href=\"https:\/\/h5k5leakdetection.com\/en\/product\/h5k5-vm-x5-f\/\" \/>\n<meta property=\"og:locale\" content=\"en_US\" \/>\n<meta property=\"og:type\" content=\"article\" \/>\n<meta property=\"og:title\" content=\"H5K5.VM.X5.F | H5k5\" \/>\n<meta property=\"og:description\" content=\"Med\u00ed f\u00e1cilmente en envases r\u00edgidos, sin esfuerzo ni errores. El H5K5.VM.X5.F incluye un soporte que facilita el ensayo de envases dif\u00edciles de perforar manualmente. R\u00e1pido, preciso y f\u00e1cil de usar, ofrece resultados consistentes en cualquier entorno. La herramienta ideal para controles de presi\u00f3n donde la robustez es esencial.\" \/>\n<meta property=\"og:url\" content=\"https:\/\/h5k5leakdetection.com\/en\/product\/h5k5-vm-x5-f\/\" \/>\n<meta property=\"og:site_name\" content=\"H5k5\" \/>\n<meta property=\"article:modified_time\" content=\"2025-09-08T20:03:38+00:00\" \/>\n<meta property=\"og:image\" content=\"https:\/\/h5k5leakdetection.com\/wp-content\/uploads\/2025\/07\/9-H5K5.VM_.X5.F.jpg\" \/>\n\t<meta property=\"og:image:width\" content=\"600\" \/>\n\t<meta property=\"og:image:height\" content=\"800\" \/>\n\t<meta property=\"og:image:type\" content=\"image\/jpeg\" \/>\n<meta name=\"twitter:card\" content=\"summary_large_image\" \/>\n<meta name=\"twitter:label1\" content=\"Est. reading time\" \/>\n\t<meta name=\"twitter:data1\" content=\"1 minute\" \/>\n<script type=\"application\/ld+json\" class=\"yoast-schema-graph\">{\"@context\":\"https:\/\/schema.org\",\"@graph\":[{\"@type\":\"WebPage\",\"@id\":\"https:\/\/h5k5leakdetection.com\/producto\/h5k5-vm-x5-f\/\",\"url\":\"https:\/\/h5k5leakdetection.com\/producto\/h5k5-vm-x5-f\/\",\"name\":\"H5K5.VM.X5.F | H5k5\",\"isPartOf\":{\"@id\":\"https:\/\/h5k5leakdetection.com\/#website\"},\"primaryImageOfPage\":{\"@id\":\"https:\/\/h5k5leakdetection.com\/producto\/h5k5-vm-x5-f\/#primaryimage\"},\"image\":{\"@id\":\"https:\/\/h5k5leakdetection.com\/producto\/h5k5-vm-x5-f\/#primaryimage\"},\"thumbnailUrl\":\"https:\/\/h5k5leakdetection.com\/wp-content\/uploads\/2025\/07\/9-H5K5.VM_.X5.F.jpg\",\"datePublished\":\"2025-07-28T03:48:17+00:00\",\"dateModified\":\"2025-09-08T20:03:38+00:00\",\"breadcrumb\":{\"@id\":\"https:\/\/h5k5leakdetection.com\/producto\/h5k5-vm-x5-f\/#breadcrumb\"},\"inLanguage\":\"en-US\",\"potentialAction\":[{\"@type\":\"ReadAction\",\"target\":[\"https:\/\/h5k5leakdetection.com\/producto\/h5k5-vm-x5-f\/\"]}]},{\"@type\":\"ImageObject\",\"inLanguage\":\"en-US\",\"@id\":\"https:\/\/h5k5leakdetection.com\/producto\/h5k5-vm-x5-f\/#primaryimage\",\"url\":\"https:\/\/h5k5leakdetection.com\/wp-content\/uploads\/2025\/07\/9-H5K5.VM_.X5.F.jpg\",\"contentUrl\":\"https:\/\/h5k5leakdetection.com\/wp-content\/uploads\/2025\/07\/9-H5K5.VM_.X5.F.jpg\",\"width\":600,\"height\":800,\"caption\":\"H5K5.VM.X5.F Manometro Digital con soporte \/ H5K5.VM.X5.F Digital Manometer with stand\"},{\"@type\":\"BreadcrumbList\",\"@id\":\"https:\/\/h5k5leakdetection.com\/producto\/h5k5-vm-x5-f\/#breadcrumb\",\"itemListElement\":[{\"@type\":\"ListItem\",\"position\":1,\"name\":\"Portada\",\"item\":\"https:\/\/h5k5leakdetection.com\/\"},{\"@type\":\"ListItem\",\"position\":2,\"name\":\"Tienda\",\"item\":\"https:\/\/h5k5leakdetection.com\/tienda\/\"},{\"@type\":\"ListItem\",\"position\":3,\"name\":\"H5K5.VM.X5.F\"}]},{\"@type\":\"WebSite\",\"@id\":\"https:\/\/h5k5leakdetection.com\/#website\",\"url\":\"https:\/\/h5k5leakdetection.com\/\",\"name\":\"h5k5leakdetection.com\",\"description\":\"Leak Detection\",\"publisher\":{\"@id\":\"https:\/\/h5k5leakdetection.com\/#organization\"},\"potentialAction\":[{\"@type\":\"SearchAction\",\"target\":{\"@type\":\"EntryPoint\",\"urlTemplate\":\"https:\/\/h5k5leakdetection.com\/?s={search_term_string}\"},\"query-input\":{\"@type\":\"PropertyValueSpecification\",\"valueRequired\":true,\"valueName\":\"search_term_string\"}}],\"inLanguage\":\"en-US\"},{\"@type\":\"Organization\",\"@id\":\"https:\/\/h5k5leakdetection.com\/#organization\",\"name\":\"H5k5 Leak Detection\",\"url\":\"https:\/\/h5k5leakdetection.com\/\",\"logo\":{\"@type\":\"ImageObject\",\"inLanguage\":\"en-US\",\"@id\":\"https:\/\/h5k5leakdetection.com\/#\/schema\/logo\/image\/\",\"url\":\"https:\/\/h5k5leakdetection.com\/wp-content\/uploads\/2025\/07\/cropped-favicon-H5K5.png\",\"contentUrl\":\"https:\/\/h5k5leakdetection.com\/wp-content\/uploads\/2025\/07\/cropped-favicon-H5K5.png\",\"width\":512,\"height\":512,\"caption\":\"H5k5 Leak Detection\"},\"image\":{\"@id\":\"https:\/\/h5k5leakdetection.com\/#\/schema\/logo\/image\/\"}}]}<\/script>\n<!-- \/ Yoast SEO plugin. -->","yoast_head_json":{"title":"H5K5.VM.X5.F | H5k5","robots":{"index":"index","follow":"follow","max-snippet":"max-snippet:-1","max-image-preview":"max-image-preview:large","max-video-preview":"max-video-preview:-1"},"canonical":"https:\/\/h5k5leakdetection.com\/en\/product\/h5k5-vm-x5-f\/","og_locale":"en_US","og_type":"article","og_title":"H5K5.VM.X5.F | H5k5","og_description":"Med\u00ed f\u00e1cilmente en envases r\u00edgidos, sin esfuerzo ni errores. El H5K5.VM.X5.F incluye un soporte que facilita el ensayo de envases dif\u00edciles de perforar manualmente. R\u00e1pido, preciso y f\u00e1cil de usar, ofrece resultados consistentes en cualquier entorno. La herramienta ideal para controles de presi\u00f3n donde la robustez es esencial.","og_url":"https:\/\/h5k5leakdetection.com\/en\/product\/h5k5-vm-x5-f\/","og_site_name":"H5k5","article_modified_time":"2025-09-08T20:03:38+00:00","og_image":[{"width":600,"height":800,"url":"https:\/\/h5k5leakdetection.com\/wp-content\/uploads\/2025\/07\/9-H5K5.VM_.X5.F.jpg","type":"image\/jpeg"}],"twitter_card":"summary_large_image","twitter_misc":{"Est. reading time":"1 minute"},"schema":{"@context":"https:\/\/schema.org","@graph":[{"@type":"WebPage","@id":"https:\/\/h5k5leakdetection.com\/producto\/h5k5-vm-x5-f\/","url":"https:\/\/h5k5leakdetection.com\/producto\/h5k5-vm-x5-f\/","name":"H5K5.VM.X5.F | H5k5","isPartOf":{"@id":"https:\/\/h5k5leakdetection.com\/#website"},"primaryImageOfPage":{"@id":"https:\/\/h5k5leakdetection.com\/producto\/h5k5-vm-x5-f\/#primaryimage"},"image":{"@id":"https:\/\/h5k5leakdetection.com\/producto\/h5k5-vm-x5-f\/#primaryimage"},"thumbnailUrl":"https:\/\/h5k5leakdetection.com\/wp-content\/uploads\/2025\/07\/9-H5K5.VM_.X5.F.jpg","datePublished":"2025-07-28T03:48:17+00:00","dateModified":"2025-09-08T20:03:38+00:00","breadcrumb":{"@id":"https:\/\/h5k5leakdetection.com\/producto\/h5k5-vm-x5-f\/#breadcrumb"},"inLanguage":"en-US","potentialAction":[{"@type":"ReadAction","target":["https:\/\/h5k5leakdetection.com\/producto\/h5k5-vm-x5-f\/"]}]},{"@type":"ImageObject","inLanguage":"en-US","@id":"https:\/\/h5k5leakdetection.com\/producto\/h5k5-vm-x5-f\/#primaryimage","url":"https:\/\/h5k5leakdetection.com\/wp-content\/uploads\/2025\/07\/9-H5K5.VM_.X5.F.jpg","contentUrl":"https:\/\/h5k5leakdetection.com\/wp-content\/uploads\/2025\/07\/9-H5K5.VM_.X5.F.jpg","width":600,"height":800,"caption":"H5K5.VM.X5.F Manometro Digital con soporte \/ H5K5.VM.X5.F Digital Manometer with stand"},{"@type":"BreadcrumbList","@id":"https:\/\/h5k5leakdetection.com\/producto\/h5k5-vm-x5-f\/#breadcrumb","itemListElement":[{"@type":"ListItem","position":1,"name":"Portada","item":"https:\/\/h5k5leakdetection.com\/"},{"@type":"ListItem","position":2,"name":"Tienda","item":"https:\/\/h5k5leakdetection.com\/tienda\/"},{"@type":"ListItem","position":3,"name":"H5K5.VM.X5.F"}]},{"@type":"WebSite","@id":"https:\/\/h5k5leakdetection.com\/#website","url":"https:\/\/h5k5leakdetection.com\/","name":"h5k5leakdetection.com","description":"Leak Detection","publisher":{"@id":"https:\/\/h5k5leakdetection.com\/#organization"},"potentialAction":[{"@type":"SearchAction","target":{"@type":"EntryPoint","urlTemplate":"https:\/\/h5k5leakdetection.com\/?s={search_term_string}"},"query-input":{"@type":"PropertyValueSpecification","valueRequired":true,"valueName":"search_term_string"}}],"inLanguage":"en-US"},{"@type":"Organization","@id":"https:\/\/h5k5leakdetection.com\/#organization","name":"H5k5 Leak Detection","url":"https:\/\/h5k5leakdetection.com\/","logo":{"@type":"ImageObject","inLanguage":"en-US","@id":"https:\/\/h5k5leakdetection.com\/#\/schema\/logo\/image\/","url":"https:\/\/h5k5leakdetection.com\/wp-content\/uploads\/2025\/07\/cropped-favicon-H5K5.png","contentUrl":"https:\/\/h5k5leakdetection.com\/wp-content\/uploads\/2025\/07\/cropped-favicon-H5K5.png","width":512,"height":512,"caption":"H5k5 Leak Detection"},"image":{"@id":"https:\/\/h5k5leakdetection.com\/#\/schema\/logo\/image\/"}}]}},"_links":{"self":[{"href":"https:\/\/h5k5leakdetection.com\/en\/wp-json\/wp\/v2\/product\/1223","targetHints":{"allow":["GET"]}}],"collection":[{"href":"https:\/\/h5k5leakdetection.com\/en\/wp-json\/wp\/v2\/product"}],"about":[{"href":"https:\/\/h5k5leakdetection.com\/en\/wp-json\/wp\/v2\/types\/product"}],"replies":[{"embeddable":true,"href":"https:\/\/h5k5leakdetection.com\/en\/wp-json\/wp\/v2\/comments?post=1223"}],"wp:featuredmedia":[{"embeddable":true,"href":"https:\/\/h5k5leakdetection.com\/en\/wp-json\/wp\/v2\/media\/1203"}],"wp:attachment":[{"href":"https:\/\/h5k5leakdetection.com\/en\/wp-json\/wp\/v2\/media?parent=1223"}],"wp:term":[{"taxonomy":"product_brand","embeddable":true,"href":"https:\/\/h5k5leakdetection.com\/en\/wp-json\/wp\/v2\/product_brand?post=1223"},{"taxonomy":"product_cat","embeddable":true,"href":"https:\/\/h5k5leakdetection.com\/en\/wp-json\/wp\/v2\/product_cat?post=1223"},{"taxonomy":"product_tag","embeddable":true,"href":"https:\/\/h5k5leakdetection.com\/en\/wp-json\/wp\/v2\/product_tag?post=1223"}],"curies":[{"name":"wp","href":"https:\/\/api.w.org\/{rel}","templated":true}]}}