{"id":111,"date":"2024-11-17T11:18:39","date_gmt":"2024-11-17T11:18:39","guid":{"rendered":"https:\/\/h5k5leakdetection.com\/?post_type=product&#038;p=111"},"modified":"2025-08-29T11:34:46","modified_gmt":"2025-08-29T11:34:46","slug":"h5k5-hb","status":"publish","type":"product","link":"https:\/\/h5k5leakdetection.com\/en\/product\/h5k5-hb\/","title":{"rendered":"H5K5.HB"},"content":{"rendered":"<p><strong>Optimize your plastic bottle design with precise\ndeformation testing.<\/strong><br \/>\nThe H5K5.HB performs Bulge \/ Tilt \/ Collapse\ntests on bottles through pressure differential in\nan automatic and efficient manner. It allows\nmaterial reduction without compromising\npackaging quality or shape. Versatile,\nconfigurable, and easy to use, it is suitable for\ndeveloping stronger and more cost-effective\npackaging.<\/p>","protected":false},"excerpt":{"rendered":"<p>Optimiz\u00e1 el dise\u00f1o de tus botellas pl\u00e1sticas con ensayos de deformaci\u00f3n precisos. El H5K5.HB realiza pruebas de Bulge \/ Tilt \/ Colapse en botellas por diferencia de presi\u00f3n, de forma autom\u00e1tica y eficiente. Permite reducir material sin afectar la calidad ni la forma del envase. Es vers\u00e1til, configurable y de uso simple, ideal para desarrollar [&hellip;]<\/p>\n","protected":false},"featured_media":1270,"comment_status":"open","ping_status":"closed","template":"","meta":{"_acf_changed":false,"_links_to":"","_links_to_target":""},"product_brand":[],"product_cat":[115,96,116,118,120,123,97,98,99,88,117,122,121,89,102,119,20,21],"product_tag":[67,48,51,50],"class_list":{"0":"post-111","1":"product","2":"type-product","3":"status-publish","4":"has-post-thumbnail","6":"product_cat-analizador-de-botellas","7":"product_cat-aplicacion-de-presion-positiva","8":"product_cat-botellas-de-plastico","9":"product_cat-bulge-test","10":"product_cat-colapse-test","11":"product_cat-control-de-calidad-de-botellas","12":"product_cat-ensayo-de-deformacion-controlada","13":"product_cat-ensayo-de-estanqueidad","14":"product_cat-ensayo-de-hermeticidad","15":"product_cat-ensayo-de-resistencia-estructural","16":"product_cat-frascos-de-plastico","17":"product_cat-prueba-de-presion-negativa","18":"product_cat-pruebas-de-resistencia-de-botellas","19":"product_cat-simulacion-de-altitud","20":"product_cat-simulacion-de-transporte","21":"product_cat-tilt-test","22":"product_cat-analizador-de-hermeticidad","23":"product_cat-detector-de-fugas","24":"product_tag-botella-plastico","25":"product_tag-botella-tipo-tetra","26":"product_tag-frasco-tapa-induccion-plastico","27":"product_tag-frasco-tapa-rosca-plastico","29":"first","30":"instock","31":"shipping-taxable","32":"product-type-simple"},"acf":[],"yoast_head":"<!-- This site is optimized with the Yoast SEO plugin v27.0 - https:\/\/yoast.com\/product\/yoast-seo-wordpress\/ -->\n<title>H5K5.HB | H5k5<\/title>\n<meta name=\"robots\" content=\"index, follow, max-snippet:-1, max-image-preview:large, max-video-preview:-1\" \/>\n<link rel=\"canonical\" href=\"https:\/\/h5k5leakdetection.com\/en\/product\/h5k5-hb\/\" \/>\n<meta property=\"og:locale\" content=\"en_US\" \/>\n<meta property=\"og:type\" content=\"article\" \/>\n<meta property=\"og:title\" content=\"H5K5.HB | H5k5\" \/>\n<meta property=\"og:description\" content=\"Optimiz\u00e1 el dise\u00f1o de tus botellas pl\u00e1sticas con ensayos de deformaci\u00f3n precisos. El H5K5.HB realiza pruebas de Bulge \/ Tilt \/ Colapse en botellas por diferencia de presi\u00f3n, de forma autom\u00e1tica y eficiente. Permite reducir material sin afectar la calidad ni la forma del envase. Es vers\u00e1til, configurable y de uso simple, ideal para desarrollar [&hellip;]\" \/>\n<meta property=\"og:url\" content=\"https:\/\/h5k5leakdetection.com\/en\/product\/h5k5-hb\/\" \/>\n<meta property=\"og:site_name\" content=\"H5k5\" \/>\n<meta property=\"article:modified_time\" content=\"2025-08-29T11:34:46+00:00\" \/>\n<meta property=\"og:image\" content=\"https:\/\/h5k5leakdetection.com\/wp-content\/uploads\/2024\/11\/1-H5K5.HB_.jpg\" \/>\n\t<meta property=\"og:image:width\" content=\"1000\" \/>\n\t<meta property=\"og:image:height\" content=\"741\" \/>\n\t<meta property=\"og:image:type\" content=\"image\/jpeg\" \/>\n<meta name=\"twitter:card\" content=\"summary_large_image\" \/>\n<meta name=\"twitter:label1\" content=\"Est. reading time\" \/>\n\t<meta name=\"twitter:data1\" content=\"1 minute\" \/>\n<script type=\"application\/ld+json\" class=\"yoast-schema-graph\">{\"@context\":\"https:\/\/schema.org\",\"@graph\":[{\"@type\":\"WebPage\",\"@id\":\"https:\/\/h5k5leakdetection.com\/producto\/h5k5-hb\/\",\"url\":\"https:\/\/h5k5leakdetection.com\/producto\/h5k5-hb\/\",\"name\":\"H5K5.HB | H5k5\",\"isPartOf\":{\"@id\":\"https:\/\/h5k5leakdetection.com\/#website\"},\"primaryImageOfPage\":{\"@id\":\"https:\/\/h5k5leakdetection.com\/producto\/h5k5-hb\/#primaryimage\"},\"image\":{\"@id\":\"https:\/\/h5k5leakdetection.com\/producto\/h5k5-hb\/#primaryimage\"},\"thumbnailUrl\":\"https:\/\/h5k5leakdetection.com\/wp-content\/uploads\/2024\/11\/1-H5K5.HB_.jpg\",\"datePublished\":\"2024-11-17T11:18:39+00:00\",\"dateModified\":\"2025-08-29T11:34:46+00:00\",\"breadcrumb\":{\"@id\":\"https:\/\/h5k5leakdetection.com\/producto\/h5k5-hb\/#breadcrumb\"},\"inLanguage\":\"en-US\",\"potentialAction\":[{\"@type\":\"ReadAction\",\"target\":[\"https:\/\/h5k5leakdetection.com\/producto\/h5k5-hb\/\"]}]},{\"@type\":\"ImageObject\",\"inLanguage\":\"en-US\",\"@id\":\"https:\/\/h5k5leakdetection.com\/producto\/h5k5-hb\/#primaryimage\",\"url\":\"https:\/\/h5k5leakdetection.com\/wp-content\/uploads\/2024\/11\/1-H5K5.HB_.jpg\",\"contentUrl\":\"https:\/\/h5k5leakdetection.com\/wp-content\/uploads\/2024\/11\/1-H5K5.HB_.jpg\",\"width\":1000,\"height\":741,\"caption\":\"H5K5.HB Analizador de Botellas \/ H5K5.HB Bottle Tester\"},{\"@type\":\"BreadcrumbList\",\"@id\":\"https:\/\/h5k5leakdetection.com\/producto\/h5k5-hb\/#breadcrumb\",\"itemListElement\":[{\"@type\":\"ListItem\",\"position\":1,\"name\":\"Portada\",\"item\":\"https:\/\/h5k5leakdetection.com\/\"},{\"@type\":\"ListItem\",\"position\":2,\"name\":\"Tienda\",\"item\":\"https:\/\/h5k5leakdetection.com\/tienda\/\"},{\"@type\":\"ListItem\",\"position\":3,\"name\":\"H5K5.HB\"}]},{\"@type\":\"WebSite\",\"@id\":\"https:\/\/h5k5leakdetection.com\/#website\",\"url\":\"https:\/\/h5k5leakdetection.com\/\",\"name\":\"h5k5leakdetection.com\",\"description\":\"Leak Detection\",\"publisher\":{\"@id\":\"https:\/\/h5k5leakdetection.com\/#organization\"},\"potentialAction\":[{\"@type\":\"SearchAction\",\"target\":{\"@type\":\"EntryPoint\",\"urlTemplate\":\"https:\/\/h5k5leakdetection.com\/?s={search_term_string}\"},\"query-input\":{\"@type\":\"PropertyValueSpecification\",\"valueRequired\":true,\"valueName\":\"search_term_string\"}}],\"inLanguage\":\"en-US\"},{\"@type\":\"Organization\",\"@id\":\"https:\/\/h5k5leakdetection.com\/#organization\",\"name\":\"H5k5 Leak Detection\",\"url\":\"https:\/\/h5k5leakdetection.com\/\",\"logo\":{\"@type\":\"ImageObject\",\"inLanguage\":\"en-US\",\"@id\":\"https:\/\/h5k5leakdetection.com\/#\/schema\/logo\/image\/\",\"url\":\"https:\/\/h5k5leakdetection.com\/wp-content\/uploads\/2025\/07\/cropped-favicon-H5K5.png\",\"contentUrl\":\"https:\/\/h5k5leakdetection.com\/wp-content\/uploads\/2025\/07\/cropped-favicon-H5K5.png\",\"width\":512,\"height\":512,\"caption\":\"H5k5 Leak Detection\"},\"image\":{\"@id\":\"https:\/\/h5k5leakdetection.com\/#\/schema\/logo\/image\/\"}}]}<\/script>\n<!-- \/ Yoast SEO plugin. -->","yoast_head_json":{"title":"H5K5.HB | H5k5","robots":{"index":"index","follow":"follow","max-snippet":"max-snippet:-1","max-image-preview":"max-image-preview:large","max-video-preview":"max-video-preview:-1"},"canonical":"https:\/\/h5k5leakdetection.com\/en\/product\/h5k5-hb\/","og_locale":"en_US","og_type":"article","og_title":"H5K5.HB | H5k5","og_description":"Optimiz\u00e1 el dise\u00f1o de tus botellas pl\u00e1sticas con ensayos de deformaci\u00f3n precisos. El H5K5.HB realiza pruebas de Bulge \/ Tilt \/ Colapse en botellas por diferencia de presi\u00f3n, de forma autom\u00e1tica y eficiente. Permite reducir material sin afectar la calidad ni la forma del envase. Es vers\u00e1til, configurable y de uso simple, ideal para desarrollar [&hellip;]","og_url":"https:\/\/h5k5leakdetection.com\/en\/product\/h5k5-hb\/","og_site_name":"H5k5","article_modified_time":"2025-08-29T11:34:46+00:00","og_image":[{"width":1000,"height":741,"url":"https:\/\/h5k5leakdetection.com\/wp-content\/uploads\/2024\/11\/1-H5K5.HB_.jpg","type":"image\/jpeg"}],"twitter_card":"summary_large_image","twitter_misc":{"Est. reading time":"1 minute"},"schema":{"@context":"https:\/\/schema.org","@graph":[{"@type":"WebPage","@id":"https:\/\/h5k5leakdetection.com\/producto\/h5k5-hb\/","url":"https:\/\/h5k5leakdetection.com\/producto\/h5k5-hb\/","name":"H5K5.HB | H5k5","isPartOf":{"@id":"https:\/\/h5k5leakdetection.com\/#website"},"primaryImageOfPage":{"@id":"https:\/\/h5k5leakdetection.com\/producto\/h5k5-hb\/#primaryimage"},"image":{"@id":"https:\/\/h5k5leakdetection.com\/producto\/h5k5-hb\/#primaryimage"},"thumbnailUrl":"https:\/\/h5k5leakdetection.com\/wp-content\/uploads\/2024\/11\/1-H5K5.HB_.jpg","datePublished":"2024-11-17T11:18:39+00:00","dateModified":"2025-08-29T11:34:46+00:00","breadcrumb":{"@id":"https:\/\/h5k5leakdetection.com\/producto\/h5k5-hb\/#breadcrumb"},"inLanguage":"en-US","potentialAction":[{"@type":"ReadAction","target":["https:\/\/h5k5leakdetection.com\/producto\/h5k5-hb\/"]}]},{"@type":"ImageObject","inLanguage":"en-US","@id":"https:\/\/h5k5leakdetection.com\/producto\/h5k5-hb\/#primaryimage","url":"https:\/\/h5k5leakdetection.com\/wp-content\/uploads\/2024\/11\/1-H5K5.HB_.jpg","contentUrl":"https:\/\/h5k5leakdetection.com\/wp-content\/uploads\/2024\/11\/1-H5K5.HB_.jpg","width":1000,"height":741,"caption":"H5K5.HB Analizador de Botellas \/ H5K5.HB Bottle Tester"},{"@type":"BreadcrumbList","@id":"https:\/\/h5k5leakdetection.com\/producto\/h5k5-hb\/#breadcrumb","itemListElement":[{"@type":"ListItem","position":1,"name":"Portada","item":"https:\/\/h5k5leakdetection.com\/"},{"@type":"ListItem","position":2,"name":"Tienda","item":"https:\/\/h5k5leakdetection.com\/tienda\/"},{"@type":"ListItem","position":3,"name":"H5K5.HB"}]},{"@type":"WebSite","@id":"https:\/\/h5k5leakdetection.com\/#website","url":"https:\/\/h5k5leakdetection.com\/","name":"h5k5leakdetection.com","description":"Leak Detection","publisher":{"@id":"https:\/\/h5k5leakdetection.com\/#organization"},"potentialAction":[{"@type":"SearchAction","target":{"@type":"EntryPoint","urlTemplate":"https:\/\/h5k5leakdetection.com\/?s={search_term_string}"},"query-input":{"@type":"PropertyValueSpecification","valueRequired":true,"valueName":"search_term_string"}}],"inLanguage":"en-US"},{"@type":"Organization","@id":"https:\/\/h5k5leakdetection.com\/#organization","name":"H5k5 Leak Detection","url":"https:\/\/h5k5leakdetection.com\/","logo":{"@type":"ImageObject","inLanguage":"en-US","@id":"https:\/\/h5k5leakdetection.com\/#\/schema\/logo\/image\/","url":"https:\/\/h5k5leakdetection.com\/wp-content\/uploads\/2025\/07\/cropped-favicon-H5K5.png","contentUrl":"https:\/\/h5k5leakdetection.com\/wp-content\/uploads\/2025\/07\/cropped-favicon-H5K5.png","width":512,"height":512,"caption":"H5k5 Leak Detection"},"image":{"@id":"https:\/\/h5k5leakdetection.com\/#\/schema\/logo\/image\/"}}]}},"_links":{"self":[{"href":"https:\/\/h5k5leakdetection.com\/en\/wp-json\/wp\/v2\/product\/111","targetHints":{"allow":["GET"]}}],"collection":[{"href":"https:\/\/h5k5leakdetection.com\/en\/wp-json\/wp\/v2\/product"}],"about":[{"href":"https:\/\/h5k5leakdetection.com\/en\/wp-json\/wp\/v2\/types\/product"}],"replies":[{"embeddable":true,"href":"https:\/\/h5k5leakdetection.com\/en\/wp-json\/wp\/v2\/comments?post=111"}],"wp:featuredmedia":[{"embeddable":true,"href":"https:\/\/h5k5leakdetection.com\/en\/wp-json\/wp\/v2\/media\/1270"}],"wp:attachment":[{"href":"https:\/\/h5k5leakdetection.com\/en\/wp-json\/wp\/v2\/media?parent=111"}],"wp:term":[{"taxonomy":"product_brand","embeddable":true,"href":"https:\/\/h5k5leakdetection.com\/en\/wp-json\/wp\/v2\/product_brand?post=111"},{"taxonomy":"product_cat","embeddable":true,"href":"https:\/\/h5k5leakdetection.com\/en\/wp-json\/wp\/v2\/product_cat?post=111"},{"taxonomy":"product_tag","embeddable":true,"href":"https:\/\/h5k5leakdetection.com\/en\/wp-json\/wp\/v2\/product_tag?post=111"}],"curies":[{"name":"wp","href":"https:\/\/api.w.org\/{rel}","templated":true}]}}